{"id":103,"date":"2021-04-30T13:03:26","date_gmt":"2021-04-30T17:03:26","guid":{"rendered":"https:\/\/ufor.uqo.ca\/?page_id=103"},"modified":"2022-06-13T14:33:53","modified_gmt":"2022-06-13T18:33:53","slug":"objectives","status":"publish","type":"page","link":"https:\/\/ufor.uqo.ca\/fr\/objectives\/","title":{"rendered":"Objectifs"},"content":{"rendered":"\n<h1 class=\"wp-block-heading\"><strong>Objectifs du programme de formation<\/strong><\/h1>\n\n\n\n<blockquote class=\"wp-block-quote is-layout-flow wp-block-quote-is-layout-flow\"><p><strong><strong>L&#8217;objectif principal \u00e0 long terme de l&#8217;Ufor est de d\u00e9velopper un programme de formation d&#8217;\u00e9tudes sup\u00e9rieures permanent, innovateur, interdisciplinaire et interuniversitaire (en deux langues) en gestion urbaine et foresti\u00e8re \u00e0 travers le Canada. Le programme formera les futurs leaders en connectant les meilleurs chercheurs canadiens de diverses sp\u00e9cialit\u00e9s provenant de diff\u00e9rentes r\u00e9gions et d\u2019universit\u00e9s.<\/strong><\/strong><\/p><\/blockquote>\n\n\n\n<p> Ce programme de formation est d\u00e9velopp\u00e9 en \u00e9troite collaboration avec le Centre d&#8217;\u00e9tude de la for\u00eat (CEF), le Centre qu\u00e9b\u00e9cois des sciences de la biodiversit\u00e9 (CSBQ), la Fondation Arbres Canada, le R\u00e9seau canadien de la for\u00eat urbaine, plusieurs municipalit\u00e9s locales, diverses ONG et nos partenaires universitaires et industriels. Ensemble, nous cr\u00e9ons un nouveau programme pancanadien de formation interuniversitaire et interdisciplinaire aux cycles sup\u00e9rieurs en foresterie urbaine. Les professeurs, chercheurs, partenaires, post-doctorants et \u00e9tudiants participant \u00e0 Ufor se rencontreront r\u00e9guli\u00e8rement en personne ou en visioconf\u00e9rence pour des \u00e9changes formelles et structur\u00e9es sur leurs recherches, les approches scientifiques de pointe et sur les derniers d\u00e9veloppements dans les domaines de gestion foresti\u00e8re urbaine. Une \u00e9cole d&#8217;\u00e9t\u00e9 intensive d&#8217;une semaine sur la planification urbaine socio-\u00e9cologique et les applications de la foresterie urbaine sera offerte chaque ann\u00e9e \u00e0 tous les stagiaires financ\u00e9s. Des cours en ligne tels que la conservation des for\u00eats urbaines et la planification en personne, les principes de restauration, la gestion des sols urbains, le leadership et la gouvernance dans des environnements socio-\u00e9cologiques complexes, seront d\u00e9velopp\u00e9s et mis \u00e0 la disposition de tous les \u00e9tudiants gradu\u00e9s et professionnels int\u00e9ress\u00e9s. Ces cours couvriront des concepts th\u00e9oriques ainsi que des \u00e9tudes de cas pour la gestion foresti\u00e8re urbaine de pointe, au Canada et dans le monde.<\/p>\n\n\n\n<p>En plus de cr\u00e9er notre propre mat\u00e9riel p\u00e9dagogique, nous inviterons des experts de renomm\u00e9e mondiale dans le domaine, \u00e0 visiter Ufor et \u00e0 contribuer \u00e0 nos cours et autres activit\u00e9s \u00e9ducatives (e.g., s\u00e9minaires, ateliers). Le financement nous permettra : (1) d&#8217;offrir des allocations aux \u00e9tudiants du Canada et de l&#8217;\u00e9tranger pour visiter et participer \u00e0 nos activit\u00e9s; et (2) envoyer des \u00e9tudiants pour des visites prolong\u00e9es dans les meilleurs instituts et laboratoires du monde dans le domaine de la foresterie urbaine pour la formation (AgroParisTech\u00a0; Baltimore Ecosystem Study, U. Maryland\u00a0; Global Urban studies Institute, Berlin). <\/p>\n\n\n\n<h2 class=\"wp-block-heading\"><strong>Caract\u00e9ristiques innovantes du programme de formation Ufor<\/strong><\/h2>\n\n\n\n<p>1. Construire ensemble une \u00e9cologie et une biologie de pointe : traits fonctionnels, m\u00e9ta-communaut\u00e9\/\u00e9cosyst\u00e8me, phylog\u00e9n\u00e9tique, biodiversit\u00e9 et mod\u00e9lisation, lutte biologique contre les ravageurs et les agents pathog\u00e8nes lors de l&#8217;\u00e9laboration de la planification et de la gestion des for\u00eats urbaines;<\/p>\n\n\n\n<p>2. Fournir une perspective interdisciplinaire sur la planification et la gestion des for\u00eats urbaines en int\u00e9grant les perspectives des sciences sociales, de la planification du paysage, de la sant\u00e9 publique et du bien-\u00eatre;<\/p>\n\n\n\n<p>3. Offrir un programme \u00e9lite de formation \u00e0 long terme, interuniversitaire, d&#8217;un oc\u00e9an \u00e0 l&#8217;autre (en deux langues) pour une grande vari\u00e9t\u00e9 d&#8217;\u00e9tudiants int\u00e9ress\u00e9s \u00e0 faire carri\u00e8re dans ce domaine;<\/p>\n\n\n\n<p>4. La compl\u00e9mentarit\u00e9 du programme avec la Conf\u00e9rence canadienne sur la for\u00eat urbaine (par Arbres Canada) et les activit\u00e9s du R\u00e9seau canadien sur la for\u00eat urbaine, qui offrent des webinaires en ligne et des trousses de formation pour les partenaires \u00e0 travers le Canada;<\/p>\n\n\n\n<p>5. Favoriser une nouvelle formation entre pairs en mettant en relation des \u00e9tudiants, des professionnels et des chercheurs de diff\u00e9rentes disciplines et d\u2019universit\u00e9s dans des centres de recherche \u00ab\u00a0sans fronti\u00e8res\u00a0\u00bb ax\u00e9s sur les probl\u00e8mes. Le start-up E180, r\u00e9cemment implant\u00e9 \u00e0 Montr\u00e9al, s&#8217;impliquera dans cette initiative.<\/p>\n\n\n\n<hr class=\"wp-block-separator\"\/>\n\n\n\n<p><a id=\"_msocom_1\"><\/a><\/p>\n\n\n\n<p><\/p>\n","protected":false},"excerpt":{"rendered":"Objectifs du programme de formation L&#8217;objectif principal \u00e0 long terme de l&#8217;Ufor est de d\u00e9velopper un programme de formation d&#8217;\u00e9tudes sup\u00e9rieures permanent, innovateur, interdisciplinaire et interuniversitaire (en deux langues) en gestion urbaine et foresti\u00e8re \u00e0 travers le Canada. Le programme formera les futurs leaders en connectant les meilleurs chercheurs canadiens de diverses sp\u00e9cialit\u00e9s provenant de&#8230; <a class=\"view-article\" href=\"https:\/\/ufor.uqo.ca\/fr\/objectives\/\">Lire la suite<\/a>","protected":false},"author":2,"featured_media":0,"parent":0,"menu_order":0,"comment_status":"closed","ping_status":"closed","template":"template-banniere.php","meta":{"footnotes":""},"class_list":["post-103","page","type-page","status-publish","hentry"],"acf":[],"yoast_head":"<!-- This site is optimized with the Yoast SEO plugin v26.9 - https:\/\/yoast.com\/product\/yoast-seo-wordpress\/ -->\n<title>Objectifs - UFOR<\/title>\n<meta name=\"robots\" content=\"index, follow, max-snippet:-1, max-image-preview:large, max-video-preview:-1\" \/>\n<link rel=\"canonical\" href=\"https:\/\/ufor.uqo.ca\/fr\/objectives\/\" \/>\n<meta property=\"og:locale\" content=\"en_US\" \/>\n<meta property=\"og:type\" content=\"article\" \/>\n<meta property=\"og:title\" content=\"Objectifs - UFOR\" \/>\n<meta property=\"og:description\" content=\"Objectifs du programme de formation L&#8217;objectif principal \u00e0 long terme de l&#8217;Ufor est de d\u00e9velopper un programme de formation d&#8217;\u00e9tudes sup\u00e9rieures permanent, innovateur, interdisciplinaire et interuniversitaire (en deux langues) en gestion urbaine et foresti\u00e8re \u00e0 travers le Canada. Le programme formera les futurs leaders en connectant les meilleurs chercheurs canadiens de diverses sp\u00e9cialit\u00e9s provenant de... Lire la suite\" \/>\n<meta property=\"og:url\" content=\"https:\/\/ufor.uqo.ca\/fr\/objectives\/\" \/>\n<meta property=\"og:site_name\" content=\"UFOR\" \/>\n<meta property=\"article:modified_time\" content=\"2022-06-13T18:33:53+00:00\" \/>\n<meta property=\"og:image\" content=\"https:\/\/ufor.uqo.ca\/fr\/wp-content\/uploads\/2021\/12\/ufor-fb.png\" \/>\n\t<meta property=\"og:image:width\" content=\"1200\" \/>\n\t<meta property=\"og:image:height\" content=\"630\" \/>\n\t<meta property=\"og:image:type\" content=\"image\/png\" \/>\n<meta name=\"twitter:card\" content=\"summary_large_image\" \/>\n<script type=\"application\/ld+json\" class=\"yoast-schema-graph\">{\"@context\":\"https:\/\/schema.org\",\"@graph\":[{\"@type\":\"WebPage\",\"@id\":\"https:\/\/ufor.uqo.ca\/fr\/objectives\/\",\"url\":\"https:\/\/ufor.uqo.ca\/fr\/objectives\/\",\"name\":\"Objectifs - UFOR\",\"isPartOf\":{\"@id\":\"https:\/\/ufor.uqo.ca\/fr\/#website\"},\"datePublished\":\"2021-04-30T17:03:26+00:00\",\"dateModified\":\"2022-06-13T18:33:53+00:00\",\"breadcrumb\":{\"@id\":\"https:\/\/ufor.uqo.ca\/fr\/objectives\/#breadcrumb\"},\"inLanguage\":\"en-CA\",\"potentialAction\":[{\"@type\":\"ReadAction\",\"target\":[\"https:\/\/ufor.uqo.ca\/fr\/objectives\/\"]}]},{\"@type\":\"BreadcrumbList\",\"@id\":\"https:\/\/ufor.uqo.ca\/fr\/objectives\/#breadcrumb\",\"itemListElement\":[{\"@type\":\"ListItem\",\"position\":1,\"name\":\"Home\",\"item\":\"https:\/\/ufor.uqo.ca\/fr\/\"},{\"@type\":\"ListItem\",\"position\":2,\"name\":\"Objectifs\"}]},{\"@type\":\"WebSite\",\"@id\":\"https:\/\/ufor.uqo.ca\/fr\/#website\",\"url\":\"https:\/\/ufor.uqo.ca\/fr\/\",\"name\":\"UFOR\",\"description\":\"The Urban forestry training program (UFOR)\",\"publisher\":{\"@id\":\"https:\/\/ufor.uqo.ca\/fr\/#organization\"},\"potentialAction\":[{\"@type\":\"SearchAction\",\"target\":{\"@type\":\"EntryPoint\",\"urlTemplate\":\"https:\/\/ufor.uqo.ca\/fr\/?s={search_term_string}\"},\"query-input\":{\"@type\":\"PropertyValueSpecification\",\"valueRequired\":true,\"valueName\":\"search_term_string\"}}],\"inLanguage\":\"en-CA\"},{\"@type\":\"Organization\",\"@id\":\"https:\/\/ufor.uqo.ca\/fr\/#organization\",\"name\":\"UFOR\",\"url\":\"https:\/\/ufor.uqo.ca\/fr\/\",\"logo\":{\"@type\":\"ImageObject\",\"inLanguage\":\"en-CA\",\"@id\":\"https:\/\/ufor.uqo.ca\/fr\/#\/schema\/logo\/image\/\",\"url\":\"https:\/\/ufor.uqo.ca\/fr\/wp-content\/uploads\/2021\/12\/ufor-fb.png\",\"contentUrl\":\"https:\/\/ufor.uqo.ca\/fr\/wp-content\/uploads\/2021\/12\/ufor-fb.png\",\"width\":1200,\"height\":630,\"caption\":\"UFOR\"},\"image\":{\"@id\":\"https:\/\/ufor.uqo.ca\/fr\/#\/schema\/logo\/image\/\"}}]}<\/script>\n<!-- \/ Yoast SEO plugin. -->","yoast_head_json":{"title":"Objectifs - UFOR","robots":{"index":"index","follow":"follow","max-snippet":"max-snippet:-1","max-image-preview":"max-image-preview:large","max-video-preview":"max-video-preview:-1"},"canonical":"https:\/\/ufor.uqo.ca\/fr\/objectives\/","og_locale":"en_US","og_type":"article","og_title":"Objectifs - UFOR","og_description":"Objectifs du programme de formation L&#8217;objectif principal \u00e0 long terme de l&#8217;Ufor est de d\u00e9velopper un programme de formation d&#8217;\u00e9tudes sup\u00e9rieures permanent, innovateur, interdisciplinaire et interuniversitaire (en deux langues) en gestion urbaine et foresti\u00e8re \u00e0 travers le Canada. Le programme formera les futurs leaders en connectant les meilleurs chercheurs canadiens de diverses sp\u00e9cialit\u00e9s provenant de... Lire la suite","og_url":"https:\/\/ufor.uqo.ca\/fr\/objectives\/","og_site_name":"UFOR","article_modified_time":"2022-06-13T18:33:53+00:00","og_image":[{"width":1200,"height":630,"url":"https:\/\/ufor.uqo.ca\/fr\/wp-content\/uploads\/2021\/12\/ufor-fb.png","type":"image\/png"}],"twitter_card":"summary_large_image","schema":{"@context":"https:\/\/schema.org","@graph":[{"@type":"WebPage","@id":"https:\/\/ufor.uqo.ca\/fr\/objectives\/","url":"https:\/\/ufor.uqo.ca\/fr\/objectives\/","name":"Objectifs - UFOR","isPartOf":{"@id":"https:\/\/ufor.uqo.ca\/fr\/#website"},"datePublished":"2021-04-30T17:03:26+00:00","dateModified":"2022-06-13T18:33:53+00:00","breadcrumb":{"@id":"https:\/\/ufor.uqo.ca\/fr\/objectives\/#breadcrumb"},"inLanguage":"en-CA","potentialAction":[{"@type":"ReadAction","target":["https:\/\/ufor.uqo.ca\/fr\/objectives\/"]}]},{"@type":"BreadcrumbList","@id":"https:\/\/ufor.uqo.ca\/fr\/objectives\/#breadcrumb","itemListElement":[{"@type":"ListItem","position":1,"name":"Home","item":"https:\/\/ufor.uqo.ca\/fr\/"},{"@type":"ListItem","position":2,"name":"Objectifs"}]},{"@type":"WebSite","@id":"https:\/\/ufor.uqo.ca\/fr\/#website","url":"https:\/\/ufor.uqo.ca\/fr\/","name":"UFOR","description":"The Urban forestry training program (UFOR)","publisher":{"@id":"https:\/\/ufor.uqo.ca\/fr\/#organization"},"potentialAction":[{"@type":"SearchAction","target":{"@type":"EntryPoint","urlTemplate":"https:\/\/ufor.uqo.ca\/fr\/?s={search_term_string}"},"query-input":{"@type":"PropertyValueSpecification","valueRequired":true,"valueName":"search_term_string"}}],"inLanguage":"en-CA"},{"@type":"Organization","@id":"https:\/\/ufor.uqo.ca\/fr\/#organization","name":"UFOR","url":"https:\/\/ufor.uqo.ca\/fr\/","logo":{"@type":"ImageObject","inLanguage":"en-CA","@id":"https:\/\/ufor.uqo.ca\/fr\/#\/schema\/logo\/image\/","url":"https:\/\/ufor.uqo.ca\/fr\/wp-content\/uploads\/2021\/12\/ufor-fb.png","contentUrl":"https:\/\/ufor.uqo.ca\/fr\/wp-content\/uploads\/2021\/12\/ufor-fb.png","width":1200,"height":630,"caption":"UFOR"},"image":{"@id":"https:\/\/ufor.uqo.ca\/fr\/#\/schema\/logo\/image\/"}}]}},"_links":{"self":[{"href":"https:\/\/ufor.uqo.ca\/fr\/wp-json\/wp\/v2\/pages\/103","targetHints":{"allow":["GET"]}}],"collection":[{"href":"https:\/\/ufor.uqo.ca\/fr\/wp-json\/wp\/v2\/pages"}],"about":[{"href":"https:\/\/ufor.uqo.ca\/fr\/wp-json\/wp\/v2\/types\/page"}],"author":[{"embeddable":true,"href":"https:\/\/ufor.uqo.ca\/fr\/wp-json\/wp\/v2\/users\/2"}],"replies":[{"embeddable":true,"href":"https:\/\/ufor.uqo.ca\/fr\/wp-json\/wp\/v2\/comments?post=103"}],"version-history":[{"count":13,"href":"https:\/\/ufor.uqo.ca\/fr\/wp-json\/wp\/v2\/pages\/103\/revisions"}],"predecessor-version":[{"id":930,"href":"https:\/\/ufor.uqo.ca\/fr\/wp-json\/wp\/v2\/pages\/103\/revisions\/930"}],"wp:attachment":[{"href":"https:\/\/ufor.uqo.ca\/fr\/wp-json\/wp\/v2\/media?parent=103"}],"curies":[{"name":"wp","href":"https:\/\/api.w.org\/{rel}","templated":true}]}}