{"id":105,"date":"2021-04-30T13:03:32","date_gmt":"2021-04-30T17:03:32","guid":{"rendered":"https:\/\/ufor.uqo.ca\/?page_id=105"},"modified":"2022-06-13T14:35:35","modified_gmt":"2022-06-13T18:35:35","slug":"research-themes","status":"publish","type":"page","link":"https:\/\/ufor.uqo.ca\/fr\/research-themes\/","title":{"rendered":"Th\u00e8mes de recherche"},"content":{"rendered":"\n<h1 class=\"wp-block-heading\"><strong>Th\u00e8mes de recherche<\/strong><\/h1>\n\n\n\n<p>\u00c9tant donn\u00e9 que la recherche en foresterie urbaine est encore relativement jeune, il reste beaucoup \u00e0 faire pour \u00e9tablir les fondements scientifiques sous-jacents de celle-ci afin qu&#8217;elle puisse r\u00e9pondre aux questions les plus urgentes. Cela comprend l&#8217;\u00e9tablissement et le maintien d&#8217;une for\u00eat urbaine efficace et r\u00e9siliente qui offre le maximum d&#8217;avantages sans compromettre le fonctionnement des infrastructures grises (routes, trottoirs, \u00e9gouts, lignes \u00e9lectriques, etc.); c&#8217;est l&#8217;un des objectifs les plus importants pour Ufor. Les recherches actuelles et pr\u00e9vues de nos membres et collaborateurs r\u00e9pondent d\u00e9j\u00e0 aux besoins et pr\u00e9occupations prioritaires de nos partenaires et sont \u00e0 l\u2019avant de ce qui se fait dans le monde. <\/p>\n\n\n\n<h2 class=\"wp-block-heading\"><strong>Exemples de sujets abord\u00e9s par les membres de l&#8217;Ufor<\/strong> <\/h2>\n\n\n\n<ol class=\"wp-block-list\" type=\"1\"><li>R\u00e9silience du couvert arbor\u00e9 urbain face au changement global gr\u00e2ce aux derni\u00e8res avanc\u00e9es en \u00e9cologie fonctionnelle phylog\u00e9n\u00e9tique et biologie des ravageurs\/pathog\u00e8nes.<\/li><li>De nouveaux outils de mod\u00e9lisation et de t\u00e9l\u00e9d\u00e9tection pour aider \u00e0 concevoir des arbres et for\u00eats urbaines r\u00e9silients aux changements globaux.<\/li><li>Nouvelles approches d&#8217;\u00e9lagage des arbres en milieu urbain qui minimisent les co\u00fbts et maximisent l&#8217;acceptabilit\u00e9 sociale.<\/li><li>Meilleure gouvernance et planification des for\u00eats urbaines et meilleurs outils d&#8217;\u00e9valuation de celles-ci et de leurs avantages.<\/li><li>Meilleure compr\u00e9hension des relations plante-sol et des interactions souterraines entre les esp\u00e8ces d&#8217;arbres, la biodiversit\u00e9 des sols, la s\u00e9questration du carbone, l&#8217;infiltration de l&#8217;eau et les interactions a\u00e9riennes\/souterraines dans les zones urbaines.<\/li><li>Connectivit\u00e9 entre les for\u00eats urbaines pour faciliter le mouvement et le maintien de la faune et d\u00e9veloppement de la connectivit\u00e9 du paysage pour d\u00e9terminer les goulots d&#8217;\u00e9tranglement au mouvement des esp\u00e8ces dans les villes.<\/li><\/ol>\n","protected":false},"excerpt":{"rendered":"Th\u00e8mes de recherche \u00c9tant donn\u00e9 que la recherche en foresterie urbaine est encore relativement jeune, il reste beaucoup \u00e0 faire pour \u00e9tablir les fondements scientifiques sous-jacents de celle-ci afin qu&#8217;elle puisse r\u00e9pondre aux questions les plus urgentes. Cela comprend l&#8217;\u00e9tablissement et le maintien d&#8217;une for\u00eat urbaine efficace et r\u00e9siliente qui offre le maximum d&#8217;avantages sans&#8230; <a class=\"view-article\" href=\"https:\/\/ufor.uqo.ca\/fr\/research-themes\/\">Lire la suite<\/a>","protected":false},"author":2,"featured_media":0,"parent":0,"menu_order":0,"comment_status":"closed","ping_status":"closed","template":"template-banniere.php","meta":{"footnotes":""},"class_list":["post-105","page","type-page","status-publish","hentry"],"acf":[],"yoast_head":"<!-- This site is optimized with the Yoast SEO plugin v26.9 - https:\/\/yoast.com\/product\/yoast-seo-wordpress\/ -->\n<title>Th\u00e8mes de recherche - UFOR<\/title>\n<meta name=\"robots\" content=\"index, follow, max-snippet:-1, max-image-preview:large, max-video-preview:-1\" \/>\n<link rel=\"canonical\" href=\"https:\/\/ufor.uqo.ca\/fr\/research-themes\/\" \/>\n<meta property=\"og:locale\" content=\"en_US\" \/>\n<meta property=\"og:type\" content=\"article\" \/>\n<meta property=\"og:title\" content=\"Th\u00e8mes de recherche - UFOR\" \/>\n<meta property=\"og:description\" content=\"Th\u00e8mes de recherche \u00c9tant donn\u00e9 que la recherche en foresterie urbaine est encore relativement jeune, il reste beaucoup \u00e0 faire pour \u00e9tablir les fondements scientifiques sous-jacents de celle-ci afin qu&#8217;elle puisse r\u00e9pondre aux questions les plus urgentes. Cela comprend l&#8217;\u00e9tablissement et le maintien d&#8217;une for\u00eat urbaine efficace et r\u00e9siliente qui offre le maximum d&#8217;avantages sans... Lire la suite\" \/>\n<meta property=\"og:url\" content=\"https:\/\/ufor.uqo.ca\/fr\/research-themes\/\" \/>\n<meta property=\"og:site_name\" content=\"UFOR\" \/>\n<meta property=\"article:modified_time\" content=\"2022-06-13T18:35:35+00:00\" \/>\n<meta property=\"og:image\" content=\"https:\/\/ufor.uqo.ca\/fr\/wp-content\/uploads\/2021\/12\/ufor-fb.png\" \/>\n\t<meta property=\"og:image:width\" content=\"1200\" \/>\n\t<meta property=\"og:image:height\" content=\"630\" \/>\n\t<meta property=\"og:image:type\" content=\"image\/png\" \/>\n<meta name=\"twitter:card\" content=\"summary_large_image\" \/>\n<script type=\"application\/ld+json\" class=\"yoast-schema-graph\">{\"@context\":\"https:\/\/schema.org\",\"@graph\":[{\"@type\":\"WebPage\",\"@id\":\"https:\/\/ufor.uqo.ca\/fr\/research-themes\/\",\"url\":\"https:\/\/ufor.uqo.ca\/fr\/research-themes\/\",\"name\":\"Th\u00e8mes de recherche - UFOR\",\"isPartOf\":{\"@id\":\"https:\/\/ufor.uqo.ca\/fr\/#website\"},\"datePublished\":\"2021-04-30T17:03:32+00:00\",\"dateModified\":\"2022-06-13T18:35:35+00:00\",\"breadcrumb\":{\"@id\":\"https:\/\/ufor.uqo.ca\/fr\/research-themes\/#breadcrumb\"},\"inLanguage\":\"en-CA\",\"potentialAction\":[{\"@type\":\"ReadAction\",\"target\":[\"https:\/\/ufor.uqo.ca\/fr\/research-themes\/\"]}]},{\"@type\":\"BreadcrumbList\",\"@id\":\"https:\/\/ufor.uqo.ca\/fr\/research-themes\/#breadcrumb\",\"itemListElement\":[{\"@type\":\"ListItem\",\"position\":1,\"name\":\"Home\",\"item\":\"https:\/\/ufor.uqo.ca\/fr\/\"},{\"@type\":\"ListItem\",\"position\":2,\"name\":\"Th\u00e8mes de recherche\"}]},{\"@type\":\"WebSite\",\"@id\":\"https:\/\/ufor.uqo.ca\/fr\/#website\",\"url\":\"https:\/\/ufor.uqo.ca\/fr\/\",\"name\":\"UFOR\",\"description\":\"The Urban forestry training program (UFOR)\",\"publisher\":{\"@id\":\"https:\/\/ufor.uqo.ca\/fr\/#organization\"},\"potentialAction\":[{\"@type\":\"SearchAction\",\"target\":{\"@type\":\"EntryPoint\",\"urlTemplate\":\"https:\/\/ufor.uqo.ca\/fr\/?s={search_term_string}\"},\"query-input\":{\"@type\":\"PropertyValueSpecification\",\"valueRequired\":true,\"valueName\":\"search_term_string\"}}],\"inLanguage\":\"en-CA\"},{\"@type\":\"Organization\",\"@id\":\"https:\/\/ufor.uqo.ca\/fr\/#organization\",\"name\":\"UFOR\",\"url\":\"https:\/\/ufor.uqo.ca\/fr\/\",\"logo\":{\"@type\":\"ImageObject\",\"inLanguage\":\"en-CA\",\"@id\":\"https:\/\/ufor.uqo.ca\/fr\/#\/schema\/logo\/image\/\",\"url\":\"https:\/\/ufor.uqo.ca\/fr\/wp-content\/uploads\/2021\/12\/ufor-fb.png\",\"contentUrl\":\"https:\/\/ufor.uqo.ca\/fr\/wp-content\/uploads\/2021\/12\/ufor-fb.png\",\"width\":1200,\"height\":630,\"caption\":\"UFOR\"},\"image\":{\"@id\":\"https:\/\/ufor.uqo.ca\/fr\/#\/schema\/logo\/image\/\"}}]}<\/script>\n<!-- \/ Yoast SEO plugin. -->","yoast_head_json":{"title":"Th\u00e8mes de recherche - UFOR","robots":{"index":"index","follow":"follow","max-snippet":"max-snippet:-1","max-image-preview":"max-image-preview:large","max-video-preview":"max-video-preview:-1"},"canonical":"https:\/\/ufor.uqo.ca\/fr\/research-themes\/","og_locale":"en_US","og_type":"article","og_title":"Th\u00e8mes de recherche - UFOR","og_description":"Th\u00e8mes de recherche \u00c9tant donn\u00e9 que la recherche en foresterie urbaine est encore relativement jeune, il reste beaucoup \u00e0 faire pour \u00e9tablir les fondements scientifiques sous-jacents de celle-ci afin qu&#8217;elle puisse r\u00e9pondre aux questions les plus urgentes. Cela comprend l&#8217;\u00e9tablissement et le maintien d&#8217;une for\u00eat urbaine efficace et r\u00e9siliente qui offre le maximum d&#8217;avantages sans... Lire la suite","og_url":"https:\/\/ufor.uqo.ca\/fr\/research-themes\/","og_site_name":"UFOR","article_modified_time":"2022-06-13T18:35:35+00:00","og_image":[{"width":1200,"height":630,"url":"https:\/\/ufor.uqo.ca\/fr\/wp-content\/uploads\/2021\/12\/ufor-fb.png","type":"image\/png"}],"twitter_card":"summary_large_image","schema":{"@context":"https:\/\/schema.org","@graph":[{"@type":"WebPage","@id":"https:\/\/ufor.uqo.ca\/fr\/research-themes\/","url":"https:\/\/ufor.uqo.ca\/fr\/research-themes\/","name":"Th\u00e8mes de recherche - UFOR","isPartOf":{"@id":"https:\/\/ufor.uqo.ca\/fr\/#website"},"datePublished":"2021-04-30T17:03:32+00:00","dateModified":"2022-06-13T18:35:35+00:00","breadcrumb":{"@id":"https:\/\/ufor.uqo.ca\/fr\/research-themes\/#breadcrumb"},"inLanguage":"en-CA","potentialAction":[{"@type":"ReadAction","target":["https:\/\/ufor.uqo.ca\/fr\/research-themes\/"]}]},{"@type":"BreadcrumbList","@id":"https:\/\/ufor.uqo.ca\/fr\/research-themes\/#breadcrumb","itemListElement":[{"@type":"ListItem","position":1,"name":"Home","item":"https:\/\/ufor.uqo.ca\/fr\/"},{"@type":"ListItem","position":2,"name":"Th\u00e8mes de recherche"}]},{"@type":"WebSite","@id":"https:\/\/ufor.uqo.ca\/fr\/#website","url":"https:\/\/ufor.uqo.ca\/fr\/","name":"UFOR","description":"The Urban forestry training program (UFOR)","publisher":{"@id":"https:\/\/ufor.uqo.ca\/fr\/#organization"},"potentialAction":[{"@type":"SearchAction","target":{"@type":"EntryPoint","urlTemplate":"https:\/\/ufor.uqo.ca\/fr\/?s={search_term_string}"},"query-input":{"@type":"PropertyValueSpecification","valueRequired":true,"valueName":"search_term_string"}}],"inLanguage":"en-CA"},{"@type":"Organization","@id":"https:\/\/ufor.uqo.ca\/fr\/#organization","name":"UFOR","url":"https:\/\/ufor.uqo.ca\/fr\/","logo":{"@type":"ImageObject","inLanguage":"en-CA","@id":"https:\/\/ufor.uqo.ca\/fr\/#\/schema\/logo\/image\/","url":"https:\/\/ufor.uqo.ca\/fr\/wp-content\/uploads\/2021\/12\/ufor-fb.png","contentUrl":"https:\/\/ufor.uqo.ca\/fr\/wp-content\/uploads\/2021\/12\/ufor-fb.png","width":1200,"height":630,"caption":"UFOR"},"image":{"@id":"https:\/\/ufor.uqo.ca\/fr\/#\/schema\/logo\/image\/"}}]}},"_links":{"self":[{"href":"https:\/\/ufor.uqo.ca\/fr\/wp-json\/wp\/v2\/pages\/105","targetHints":{"allow":["GET"]}}],"collection":[{"href":"https:\/\/ufor.uqo.ca\/fr\/wp-json\/wp\/v2\/pages"}],"about":[{"href":"https:\/\/ufor.uqo.ca\/fr\/wp-json\/wp\/v2\/types\/page"}],"author":[{"embeddable":true,"href":"https:\/\/ufor.uqo.ca\/fr\/wp-json\/wp\/v2\/users\/2"}],"replies":[{"embeddable":true,"href":"https:\/\/ufor.uqo.ca\/fr\/wp-json\/wp\/v2\/comments?post=105"}],"version-history":[{"count":9,"href":"https:\/\/ufor.uqo.ca\/fr\/wp-json\/wp\/v2\/pages\/105\/revisions"}],"predecessor-version":[{"id":932,"href":"https:\/\/ufor.uqo.ca\/fr\/wp-json\/wp\/v2\/pages\/105\/revisions\/932"}],"wp:attachment":[{"href":"https:\/\/ufor.uqo.ca\/fr\/wp-json\/wp\/v2\/media?parent=105"}],"curies":[{"name":"wp","href":"https:\/\/api.w.org\/{rel}","templated":true}]}}