{"id":118,"date":"2021-04-30T13:15:02","date_gmt":"2021-04-30T17:15:02","guid":{"rendered":"https:\/\/ufor.uqo.ca\/?page_id=118"},"modified":"2022-06-13T14:42:14","modified_gmt":"2022-06-13T18:42:14","slug":"scholarship-program","status":"publish","type":"page","link":"https:\/\/ufor.uqo.ca\/fr\/scholarship-program\/","title":{"rendered":"Programme de bourses"},"content":{"rendered":"\n<h1 class=\"wp-block-heading\"><strong>Programme de bourses Ufor<\/strong><\/h1>\n\n\n\n<p><\/p>\n\n\n\n<h2 class=\"wp-block-heading\">\u00c9ligibilit\u00e9<\/h2>\n\n\n\n<p>Ce concours de foresterie urbaine du CRSNG s&#8217;adresse aux:<\/p>\n\n\n\n<p>\u2022 \u00c9tudiants de premier cycle \u00e0 la recherche d&#8217;un stage d&#8217;\u00e9t\u00e9.<\/p>\n\n\n\n<p>\u2022 \u00c9tudiants de ma\u00eetrise n&#8217;ayant pas termin\u00e9 plus de 3 sessions dans leur programme.<\/p>\n\n\n\n<p>\u2022 \u00c9tudiants au doctorat n&#8217;ayant pas termin\u00e9 plus de 6 sessions dans leur programme.<\/p>\n\n\n\n<p>\u2022 Post-doctorants qui ont termin\u00e9 moins de la moiti\u00e9 de leur post-doctorat.<\/p>\n\n\n\n<p>Tous les candidats doivent avoir un projet pertinent en lien avec la foresterie urbaine, doivent \u00eatre supervis\u00e9s ou co-supervis\u00e9s par un membre ou un collaborateur de l&#8217;Ufor et doivent d\u00e9montrer comment un partenaire non acad\u00e9mique est, ou sera impliqu\u00e9 dans le projet.<\/p>\n\n\n\n<h2 class=\"wp-block-heading\">Crit\u00e8res d\u2019\u00e9valuation<\/h2>\n\n\n\n<p>Voici quelques-uns des \u00e9l\u00e9ments cl\u00e9s qui seront \u00e9valu\u00e9s lors de l&#8217;\u00e9valuation des candidatures:<\/p>\n\n\n\n<ul class=\"wp-block-list\"><li>La force du curriculum vitae des candidats et du projet de recherche propos\u00e9.<\/li><li>Encourager les collaborateurs non acad\u00e9miques.\u00a0<\/li><li>Encourager les projets interdisciplinaires\/multidisciplinaires CRSNG-CRSH ou CRSNG-IRSC.<\/li><li>Encourager les candidatures avec des collaborations entre co-candidats et\/ou collaborateurs.<\/li><li>Encourager les collaborations interprovinciales ou internationales.\u00a0<\/li><\/ul>\n\n\n\n<h2 class=\"wp-block-heading\"><strong>Date importantes<\/strong><\/h2>\n\n\n\n<p>Le <strong><span style=\"text-decoration: underline;\"><strong>15 f\u00e9vrier 2022<\/strong><\/span><\/strong> est la date limite pour soumettre votre candidature pour la prochaine s\u00e9rie de bourses Ufor ou votre rapport d&#8217;\u00e9tape pour renouveler votre bourse Ufor actuelle.<\/p>\n\n\n\n<h2 class=\"wp-block-heading\"><strong>Formulaires et pi\u00e8ces justificatives n\u00e9cessaires<\/strong> <\/h2>\n\n\n\n<p>Voici des liens pour t\u00e9l\u00e9charger les formulaires de demande de bourse Ufor ainsi que le rapport d&#8217;\u00e9tape pour les \u00e9tudiants et postdoctorants actuels de l\u2019Ufor. Vous pouvez soumettre l&#8217;un ou l&#8217;autre des formulaires, en fran\u00e7ais ou en anglais.<\/p>\n\n\n\n<ul class=\"wp-block-list\"><li>Formulaires de demande de bourse Ufor<ul><li><a href=\"https:\/\/ufor.uqo.ca\/fr\/wp-content\/uploads\/2021\/12\/CREATE-Scholarship-Form-Ufor-2022_en_Final.docx\" target=\"_blank\" rel=\"noreferrer noopener\">Anglais<\/a> <\/li><li><a href=\"https:\/\/ufor.uqo.ca\/fr\/wp-content\/uploads\/2021\/12\/CREATE-Scholarship-Form-Ufor-2022_fr_Final.docx\" target=\"_blank\" rel=\"noreferrer noopener\">Fran\u00e7ais<\/a><\/li><\/ul><\/li><li>Rapports d&#8217;avancement Ufor<ul><li><a href=\"https:\/\/ufor.uqo.ca\/fr\/wp-content\/uploads\/2021\/12\/CREATE-UFOR-2021-Progress-Report_en_final.docx\" target=\"_blank\" rel=\"noreferrer noopener\">Anglais<\/a><\/li><\/ul><ul><li><a href=\"https:\/\/ufor.uqo.ca\/fr\/wp-content\/uploads\/2021\/12\/CREATE-UFOR-2021-Progress-Report-Fr_final.docx\" target=\"_blank\" rel=\"noreferrer noopener\">Fran\u00e7ais<\/a><\/li><\/ul><\/li><\/ul>\n","protected":false},"excerpt":{"rendered":"Programme de bourses Ufor \u00c9ligibilit\u00e9 Ce concours de foresterie urbaine du CRSNG s&#8217;adresse aux: \u2022 \u00c9tudiants de premier cycle \u00e0 la recherche d&#8217;un stage d&#8217;\u00e9t\u00e9. \u2022 \u00c9tudiants de ma\u00eetrise n&#8217;ayant pas termin\u00e9 plus de 3 sessions dans leur programme. \u2022 \u00c9tudiants au doctorat n&#8217;ayant pas termin\u00e9 plus de 6 sessions dans leur programme. \u2022 Post-doctorants&#8230; <a class=\"view-article\" href=\"https:\/\/ufor.uqo.ca\/fr\/scholarship-program\/\">Lire la suite<\/a>","protected":false},"author":2,"featured_media":0,"parent":0,"menu_order":0,"comment_status":"closed","ping_status":"closed","template":"template-banniere.php","meta":{"footnotes":""},"class_list":["post-118","page","type-page","status-publish","hentry"],"acf":[],"yoast_head":"<!-- This site is optimized with the Yoast SEO plugin v26.9 - https:\/\/yoast.com\/product\/yoast-seo-wordpress\/ -->\n<title>Programme de bourses - UFOR<\/title>\n<meta name=\"robots\" content=\"index, follow, max-snippet:-1, max-image-preview:large, max-video-preview:-1\" \/>\n<link rel=\"canonical\" href=\"https:\/\/ufor.uqo.ca\/fr\/scholarship-program\/\" \/>\n<meta property=\"og:locale\" content=\"en_US\" \/>\n<meta property=\"og:type\" content=\"article\" \/>\n<meta property=\"og:title\" content=\"Programme de bourses - UFOR\" \/>\n<meta property=\"og:description\" content=\"Programme de bourses Ufor \u00c9ligibilit\u00e9 Ce concours de foresterie urbaine du CRSNG s&#8217;adresse aux: \u2022 \u00c9tudiants de premier cycle \u00e0 la recherche d&#8217;un stage d&#8217;\u00e9t\u00e9. \u2022 \u00c9tudiants de ma\u00eetrise n&#8217;ayant pas termin\u00e9 plus de 3 sessions dans leur programme. \u2022 \u00c9tudiants au doctorat n&#8217;ayant pas termin\u00e9 plus de 6 sessions dans leur programme. \u2022 Post-doctorants... Lire la suite\" \/>\n<meta property=\"og:url\" content=\"https:\/\/ufor.uqo.ca\/fr\/scholarship-program\/\" \/>\n<meta property=\"og:site_name\" content=\"UFOR\" \/>\n<meta property=\"article:modified_time\" content=\"2022-06-13T18:42:14+00:00\" \/>\n<meta property=\"og:image\" content=\"https:\/\/ufor.uqo.ca\/fr\/wp-content\/uploads\/2021\/12\/ufor-fb.png\" \/>\n\t<meta property=\"og:image:width\" content=\"1200\" \/>\n\t<meta property=\"og:image:height\" content=\"630\" \/>\n\t<meta property=\"og:image:type\" content=\"image\/png\" \/>\n<meta name=\"twitter:card\" content=\"summary_large_image\" \/>\n<script type=\"application\/ld+json\" class=\"yoast-schema-graph\">{\"@context\":\"https:\/\/schema.org\",\"@graph\":[{\"@type\":\"WebPage\",\"@id\":\"https:\/\/ufor.uqo.ca\/fr\/scholarship-program\/\",\"url\":\"https:\/\/ufor.uqo.ca\/fr\/scholarship-program\/\",\"name\":\"Programme de bourses - UFOR\",\"isPartOf\":{\"@id\":\"https:\/\/ufor.uqo.ca\/fr\/#website\"},\"datePublished\":\"2021-04-30T17:15:02+00:00\",\"dateModified\":\"2022-06-13T18:42:14+00:00\",\"breadcrumb\":{\"@id\":\"https:\/\/ufor.uqo.ca\/fr\/scholarship-program\/#breadcrumb\"},\"inLanguage\":\"en-CA\",\"potentialAction\":[{\"@type\":\"ReadAction\",\"target\":[\"https:\/\/ufor.uqo.ca\/fr\/scholarship-program\/\"]}]},{\"@type\":\"BreadcrumbList\",\"@id\":\"https:\/\/ufor.uqo.ca\/fr\/scholarship-program\/#breadcrumb\",\"itemListElement\":[{\"@type\":\"ListItem\",\"position\":1,\"name\":\"Home\",\"item\":\"https:\/\/ufor.uqo.ca\/fr\/\"},{\"@type\":\"ListItem\",\"position\":2,\"name\":\"Programme de bourses\"}]},{\"@type\":\"WebSite\",\"@id\":\"https:\/\/ufor.uqo.ca\/fr\/#website\",\"url\":\"https:\/\/ufor.uqo.ca\/fr\/\",\"name\":\"UFOR\",\"description\":\"The Urban forestry training program (UFOR)\",\"publisher\":{\"@id\":\"https:\/\/ufor.uqo.ca\/fr\/#organization\"},\"potentialAction\":[{\"@type\":\"SearchAction\",\"target\":{\"@type\":\"EntryPoint\",\"urlTemplate\":\"https:\/\/ufor.uqo.ca\/fr\/?s={search_term_string}\"},\"query-input\":{\"@type\":\"PropertyValueSpecification\",\"valueRequired\":true,\"valueName\":\"search_term_string\"}}],\"inLanguage\":\"en-CA\"},{\"@type\":\"Organization\",\"@id\":\"https:\/\/ufor.uqo.ca\/fr\/#organization\",\"name\":\"UFOR\",\"url\":\"https:\/\/ufor.uqo.ca\/fr\/\",\"logo\":{\"@type\":\"ImageObject\",\"inLanguage\":\"en-CA\",\"@id\":\"https:\/\/ufor.uqo.ca\/fr\/#\/schema\/logo\/image\/\",\"url\":\"https:\/\/ufor.uqo.ca\/fr\/wp-content\/uploads\/2021\/12\/ufor-fb.png\",\"contentUrl\":\"https:\/\/ufor.uqo.ca\/fr\/wp-content\/uploads\/2021\/12\/ufor-fb.png\",\"width\":1200,\"height\":630,\"caption\":\"UFOR\"},\"image\":{\"@id\":\"https:\/\/ufor.uqo.ca\/fr\/#\/schema\/logo\/image\/\"}}]}<\/script>\n<!-- \/ Yoast SEO plugin. -->","yoast_head_json":{"title":"Programme de bourses - UFOR","robots":{"index":"index","follow":"follow","max-snippet":"max-snippet:-1","max-image-preview":"max-image-preview:large","max-video-preview":"max-video-preview:-1"},"canonical":"https:\/\/ufor.uqo.ca\/fr\/scholarship-program\/","og_locale":"en_US","og_type":"article","og_title":"Programme de bourses - UFOR","og_description":"Programme de bourses Ufor \u00c9ligibilit\u00e9 Ce concours de foresterie urbaine du CRSNG s&#8217;adresse aux: \u2022 \u00c9tudiants de premier cycle \u00e0 la recherche d&#8217;un stage d&#8217;\u00e9t\u00e9. \u2022 \u00c9tudiants de ma\u00eetrise n&#8217;ayant pas termin\u00e9 plus de 3 sessions dans leur programme. \u2022 \u00c9tudiants au doctorat n&#8217;ayant pas termin\u00e9 plus de 6 sessions dans leur programme. \u2022 Post-doctorants... Lire la suite","og_url":"https:\/\/ufor.uqo.ca\/fr\/scholarship-program\/","og_site_name":"UFOR","article_modified_time":"2022-06-13T18:42:14+00:00","og_image":[{"width":1200,"height":630,"url":"https:\/\/ufor.uqo.ca\/fr\/wp-content\/uploads\/2021\/12\/ufor-fb.png","type":"image\/png"}],"twitter_card":"summary_large_image","schema":{"@context":"https:\/\/schema.org","@graph":[{"@type":"WebPage","@id":"https:\/\/ufor.uqo.ca\/fr\/scholarship-program\/","url":"https:\/\/ufor.uqo.ca\/fr\/scholarship-program\/","name":"Programme de bourses - UFOR","isPartOf":{"@id":"https:\/\/ufor.uqo.ca\/fr\/#website"},"datePublished":"2021-04-30T17:15:02+00:00","dateModified":"2022-06-13T18:42:14+00:00","breadcrumb":{"@id":"https:\/\/ufor.uqo.ca\/fr\/scholarship-program\/#breadcrumb"},"inLanguage":"en-CA","potentialAction":[{"@type":"ReadAction","target":["https:\/\/ufor.uqo.ca\/fr\/scholarship-program\/"]}]},{"@type":"BreadcrumbList","@id":"https:\/\/ufor.uqo.ca\/fr\/scholarship-program\/#breadcrumb","itemListElement":[{"@type":"ListItem","position":1,"name":"Home","item":"https:\/\/ufor.uqo.ca\/fr\/"},{"@type":"ListItem","position":2,"name":"Programme de bourses"}]},{"@type":"WebSite","@id":"https:\/\/ufor.uqo.ca\/fr\/#website","url":"https:\/\/ufor.uqo.ca\/fr\/","name":"UFOR","description":"The Urban forestry training program (UFOR)","publisher":{"@id":"https:\/\/ufor.uqo.ca\/fr\/#organization"},"potentialAction":[{"@type":"SearchAction","target":{"@type":"EntryPoint","urlTemplate":"https:\/\/ufor.uqo.ca\/fr\/?s={search_term_string}"},"query-input":{"@type":"PropertyValueSpecification","valueRequired":true,"valueName":"search_term_string"}}],"inLanguage":"en-CA"},{"@type":"Organization","@id":"https:\/\/ufor.uqo.ca\/fr\/#organization","name":"UFOR","url":"https:\/\/ufor.uqo.ca\/fr\/","logo":{"@type":"ImageObject","inLanguage":"en-CA","@id":"https:\/\/ufor.uqo.ca\/fr\/#\/schema\/logo\/image\/","url":"https:\/\/ufor.uqo.ca\/fr\/wp-content\/uploads\/2021\/12\/ufor-fb.png","contentUrl":"https:\/\/ufor.uqo.ca\/fr\/wp-content\/uploads\/2021\/12\/ufor-fb.png","width":1200,"height":630,"caption":"UFOR"},"image":{"@id":"https:\/\/ufor.uqo.ca\/fr\/#\/schema\/logo\/image\/"}}]}},"_links":{"self":[{"href":"https:\/\/ufor.uqo.ca\/fr\/wp-json\/wp\/v2\/pages\/118","targetHints":{"allow":["GET"]}}],"collection":[{"href":"https:\/\/ufor.uqo.ca\/fr\/wp-json\/wp\/v2\/pages"}],"about":[{"href":"https:\/\/ufor.uqo.ca\/fr\/wp-json\/wp\/v2\/types\/page"}],"author":[{"embeddable":true,"href":"https:\/\/ufor.uqo.ca\/fr\/wp-json\/wp\/v2\/users\/2"}],"replies":[{"embeddable":true,"href":"https:\/\/ufor.uqo.ca\/fr\/wp-json\/wp\/v2\/comments?post=118"}],"version-history":[{"count":21,"href":"https:\/\/ufor.uqo.ca\/fr\/wp-json\/wp\/v2\/pages\/118\/revisions"}],"predecessor-version":[{"id":934,"href":"https:\/\/ufor.uqo.ca\/fr\/wp-json\/wp\/v2\/pages\/118\/revisions\/934"}],"wp:attachment":[{"href":"https:\/\/ufor.uqo.ca\/fr\/wp-json\/wp\/v2\/media?parent=118"}],"curies":[{"name":"wp","href":"https:\/\/api.w.org\/{rel}","templated":true}]}}