{"id":130,"date":"2021-04-30T13:19:32","date_gmt":"2021-04-30T17:19:32","guid":{"rendered":"https:\/\/ufor.uqo.ca\/?page_id=130"},"modified":"2022-06-13T15:53:11","modified_gmt":"2022-06-13T19:53:11","slug":"summer-field-school","status":"publish","type":"page","link":"https:\/\/ufor.uqo.ca\/fr\/summer-field-school\/","title":{"rendered":"\u00c9cole d\u2019\u00e9t\u00e9 Ufor"},"content":{"rendered":"\n<h1 class=\"wp-block-heading\"><strong>\u00c9cole Ufor<\/strong><\/h1>\n\n\n\n<p>Une formation pratique intensive d&#8217;une semaine \u00e0 l&#8217;\u00e9t\u00e9 ou au d\u00e9but de l&#8217;automne sur la planification urbaine socio-\u00e9cologique et les applications de la foresterie urbaine est offerte chaque ann\u00e9e \u00e0 tous les stagiaires financ\u00e9s. Ces \u00e9coles d\u2019\u00e9t\u00e9 sont d&#8217;excellentes occasions pour nos stagiaires de rencontrer d&#8217;autres \u00e9tudiants dans leur domaine partout au Canada mais aussi une occasion de discuter et d&#8217;apprendre des meilleurs experts nationaux et internationaux dans le domaine de la foresterie urbaine \u00e0 travers le Canada. <\/p>\n\n\n\n<h2 class=\"wp-block-heading\"><strong>\u00c9cole d\u2019\u00e9t\u00e9 2022<\/strong><\/h2>\n\n\n\n<p>Prochaine \u00e9cole d\u2019\u00e9t\u00e9 aura lieu \u00e0 Charlottetown avant ou apr\u00e8s la <a href=\"https:\/\/venuewest.eventsair.com\/ccfu-2022\/inscriptions\" target=\"_blank\" rel=\"noreferrer noopener\">Conf\u00e9rence canadienne sur la for\u00eat urbaine<\/a>. Plus de d\u00e9tails seront publi\u00e9s ici bient\u00f4t.<\/p>\n\n\n\n<h2 class=\"wp-block-heading\"><strong>Premi\u00e8re \u00e9cole d&#8217;\u00e9t\u00e9 en 2021<\/strong><\/h2>\n\n\n\n<p>\u00c0 la fin ao\u00fbt 2021, nous avons eu notre premi\u00e8re \u00e9cole d\u2019\u00e9t\u00e9 Ufor dans un format hybride (en personne et en ligne). Des groupes de stagiaires de l&#8217;Ufor se sont rencontr\u00e9s en personne dans 3 villes diff\u00e9rentes \u00e0 travers le Canada (Toronto, Montr\u00e9al et Halifax) et ont compl\u00e9t\u00e9 des demi-journ\u00e9es de cours sur le terrain qui abordaient un th\u00e8me quotidien. Les cours sur le terrain se sont d\u00e9roul\u00e9s \u00e0 1 ou 2 endroits \u00e0 travers les villes respectives et comprenaient des r\u00e9unions avec diff\u00e9rents experts du milieu. Dans l&#8217;apr\u00e8s-midi, tous les groupes se sont r\u00e9unis en ligne pour assister \u00e0 des s\u00e9minaires, partager les observations faites sur le terrain dans chaque ville et discuter du th\u00e8me quotidien. Voici quelques photos de l&#8217;\u00e9cole d&#8217;\u00e9t\u00e9 2021. Pour voir certaines conf\u00e9rences en ligne et les pr\u00e9sentations d&#8217;\u00e9tudiants lors de l&#8217;\u00e9cole d\u2019\u00e9t\u00e9 2021, visitez la <a href=\"https:\/\/ufor.uqo.ca\/fr\/seminars\/\" target=\"_blank\" rel=\"noreferrer noopener\">page de s\u00e9minaires Ufor.<\/a><\/p>\n\n\n\n<div class=\"wp-block-columns is-layout-flex wp-container-core-columns-is-layout-9d6595d7 wp-block-columns-is-layout-flex\">\n<div class=\"wp-block-column is-layout-flow wp-block-column-is-layout-flow\" style=\"flex-basis:100%\">\n<div class=\"wp-block-group\"><div class=\"wp-block-group__inner-container is-layout-flow wp-block-group-is-layout-flow\">\n<figure class=\"wp-block-gallery has-nested-images columns-default is-cropped wp-block-gallery-1 is-layout-flex wp-block-gallery-is-layout-flex\">\n<figure class=\"wp-block-image size-large\"><img loading=\"lazy\" decoding=\"async\" width=\"700\" height=\"525\" data-id=\"684\" src=\"https:\/\/ufor.uqo.ca\/fr\/wp-content\/uploads\/2021\/11\/Toronto-Group-photo-evergreen-Brickworks-700x525.jpg\" alt=\"\" class=\"wp-image-684\" srcset=\"https:\/\/ufor.uqo.ca\/fr\/wp-content\/uploads\/2021\/11\/Toronto-Group-photo-evergreen-Brickworks-700x525.jpg 700w, https:\/\/ufor.uqo.ca\/fr\/wp-content\/uploads\/2021\/11\/Toronto-Group-photo-evergreen-Brickworks-250x187.jpg 250w, https:\/\/ufor.uqo.ca\/fr\/wp-content\/uploads\/2021\/11\/Toronto-Group-photo-evergreen-Brickworks-768x576.jpg 768w, https:\/\/ufor.uqo.ca\/fr\/wp-content\/uploads\/2021\/11\/Toronto-Group-photo-evergreen-Brickworks-120x90.jpg 120w, https:\/\/ufor.uqo.ca\/fr\/wp-content\/uploads\/2021\/11\/Toronto-Group-photo-evergreen-Brickworks-500x375.jpg 500w, https:\/\/ufor.uqo.ca\/fr\/wp-content\/uploads\/2021\/11\/Toronto-Group-photo-evergreen-Brickworks.jpg 1126w\" sizes=\"auto, (max-width: 700px) 100vw, 700px\" \/><figcaption>Photo de goupe de Toronto \u00e0 Evergreen Brickworks<\/figcaption><\/figure>\n\n\n\n<figure class=\"wp-block-image size-large\"><img loading=\"lazy\" decoding=\"async\" width=\"700\" height=\"525\" data-id=\"688\" src=\"https:\/\/ufor.uqo.ca\/fr\/wp-content\/uploads\/2021\/11\/Canopee-Reseau-des-Bois-de-Laval-presentant-leur-projet-de-verdissement-Ile-en-Vert-700x525.jpg\" alt=\"\" class=\"wp-image-688\" srcset=\"https:\/\/ufor.uqo.ca\/fr\/wp-content\/uploads\/2021\/11\/Canopee-Reseau-des-Bois-de-Laval-presentant-leur-projet-de-verdissement-Ile-en-Vert-700x525.jpg 700w, https:\/\/ufor.uqo.ca\/fr\/wp-content\/uploads\/2021\/11\/Canopee-Reseau-des-Bois-de-Laval-presentant-leur-projet-de-verdissement-Ile-en-Vert-250x188.jpg 250w, https:\/\/ufor.uqo.ca\/fr\/wp-content\/uploads\/2021\/11\/Canopee-Reseau-des-Bois-de-Laval-presentant-leur-projet-de-verdissement-Ile-en-Vert-768x576.jpg 768w, https:\/\/ufor.uqo.ca\/fr\/wp-content\/uploads\/2021\/11\/Canopee-Reseau-des-Bois-de-Laval-presentant-leur-projet-de-verdissement-Ile-en-Vert-120x90.jpg 120w, https:\/\/ufor.uqo.ca\/fr\/wp-content\/uploads\/2021\/11\/Canopee-Reseau-des-Bois-de-Laval-presentant-leur-projet-de-verdissement-Ile-en-Vert-500x375.jpg 500w, https:\/\/ufor.uqo.ca\/fr\/wp-content\/uploads\/2021\/11\/Canopee-Reseau-des-Bois-de-Laval-presentant-leur-projet-de-verdissement-Ile-en-Vert.jpg 960w\" sizes=\"auto, (max-width: 700px) 100vw, 700px\" \/><figcaption>Le groupe de Montr\u00e9al \u00e0 la rencontre avec Canop\u00e9e-R\u00e9seau des Bois de Laval<\/figcaption><\/figure>\n\n\n\n<figure class=\"wp-block-image size-large\"><img loading=\"lazy\" decoding=\"async\" width=\"700\" height=\"525\" data-id=\"687\" src=\"https:\/\/ufor.uqo.ca\/fr\/wp-content\/uploads\/2021\/11\/IMG_4034-700x525.jpg\" alt=\"\" class=\"wp-image-687\" srcset=\"https:\/\/ufor.uqo.ca\/fr\/wp-content\/uploads\/2021\/11\/IMG_4034-700x525.jpg 700w, https:\/\/ufor.uqo.ca\/fr\/wp-content\/uploads\/2021\/11\/IMG_4034-250x187.jpg 250w, https:\/\/ufor.uqo.ca\/fr\/wp-content\/uploads\/2021\/11\/IMG_4034-768x576.jpg 768w, https:\/\/ufor.uqo.ca\/fr\/wp-content\/uploads\/2021\/11\/IMG_4034-1536x1152.jpg 1536w, https:\/\/ufor.uqo.ca\/fr\/wp-content\/uploads\/2021\/11\/IMG_4034-2048x1536.jpg 2048w, https:\/\/ufor.uqo.ca\/fr\/wp-content\/uploads\/2021\/11\/IMG_4034-120x90.jpg 120w, https:\/\/ufor.uqo.ca\/fr\/wp-content\/uploads\/2021\/11\/IMG_4034-500x375.jpg 500w\" sizes=\"auto, (max-width: 700px) 100vw, 700px\" \/><figcaption>Groupe de Halifax<\/figcaption><\/figure>\n\n\n\n<figure class=\"wp-block-image size-large\"><img loading=\"lazy\" decoding=\"async\" width=\"700\" height=\"467\" data-id=\"704\" src=\"https:\/\/ufor.uqo.ca\/fr\/wp-content\/uploads\/2021\/11\/UFOR_SummerFieldSchool_SteenbergsPlantation_210824_02_web-700x467.jpg\" alt=\"\" class=\"wp-image-704\" srcset=\"https:\/\/ufor.uqo.ca\/fr\/wp-content\/uploads\/2021\/11\/UFOR_SummerFieldSchool_SteenbergsPlantation_210824_02_web-700x467.jpg 700w, https:\/\/ufor.uqo.ca\/fr\/wp-content\/uploads\/2021\/11\/UFOR_SummerFieldSchool_SteenbergsPlantation_210824_02_web-250x167.jpg 250w, https:\/\/ufor.uqo.ca\/fr\/wp-content\/uploads\/2021\/11\/UFOR_SummerFieldSchool_SteenbergsPlantation_210824_02_web-768x512.jpg 768w, https:\/\/ufor.uqo.ca\/fr\/wp-content\/uploads\/2021\/11\/UFOR_SummerFieldSchool_SteenbergsPlantation_210824_02_web-1536x1024.jpg 1536w, https:\/\/ufor.uqo.ca\/fr\/wp-content\/uploads\/2021\/11\/UFOR_SummerFieldSchool_SteenbergsPlantation_210824_02_web-120x80.jpg 120w, https:\/\/ufor.uqo.ca\/fr\/wp-content\/uploads\/2021\/11\/UFOR_SummerFieldSchool_SteenbergsPlantation_210824_02_web-500x333.jpg 500w, https:\/\/ufor.uqo.ca\/fr\/wp-content\/uploads\/2021\/11\/UFOR_SummerFieldSchool_SteenbergsPlantation_210824_02_web.jpg 1800w\" sizes=\"auto, (max-width: 700px) 100vw, 700px\" \/><figcaption>Visite de terrain \u00e0 Halifax<\/figcaption><\/figure>\n\n\n\n<figure class=\"wp-block-image size-large\"><img loading=\"lazy\" decoding=\"async\" width=\"700\" height=\"933\" data-id=\"689\" src=\"https:\/\/ufor.uqo.ca\/fr\/wp-content\/uploads\/2021\/11\/239586507_369856111405436_6376986446370458207_n-700x933.jpg\" alt=\"\" class=\"wp-image-689\" srcset=\"https:\/\/ufor.uqo.ca\/fr\/wp-content\/uploads\/2021\/11\/239586507_369856111405436_6376986446370458207_n-700x933.jpg 700w, https:\/\/ufor.uqo.ca\/fr\/wp-content\/uploads\/2021\/11\/239586507_369856111405436_6376986446370458207_n-250x333.jpg 250w, https:\/\/ufor.uqo.ca\/fr\/wp-content\/uploads\/2021\/11\/239586507_369856111405436_6376986446370458207_n-120x160.jpg 120w, https:\/\/ufor.uqo.ca\/fr\/wp-content\/uploads\/2021\/11\/239586507_369856111405436_6376986446370458207_n-500x667.jpg 500w, https:\/\/ufor.uqo.ca\/fr\/wp-content\/uploads\/2021\/11\/239586507_369856111405436_6376986446370458207_n.jpg 720w\" sizes=\"auto, (max-width: 700px) 100vw, 700px\" \/><figcaption>Visite de terrain \u00e0 Montr\u00e9al<\/figcaption><\/figure>\n\n\n\n<figure class=\"wp-block-image size-large\"><img loading=\"lazy\" decoding=\"async\" width=\"700\" height=\"933\" data-id=\"703\" src=\"https:\/\/ufor.uqo.ca\/fr\/wp-content\/uploads\/2021\/11\/Cemetery-trees_web-700x933.jpeg\" alt=\"\" class=\"wp-image-703\" srcset=\"https:\/\/ufor.uqo.ca\/fr\/wp-content\/uploads\/2021\/11\/Cemetery-trees_web-700x933.jpeg 700w, https:\/\/ufor.uqo.ca\/fr\/wp-content\/uploads\/2021\/11\/Cemetery-trees_web-250x333.jpeg 250w, https:\/\/ufor.uqo.ca\/fr\/wp-content\/uploads\/2021\/11\/Cemetery-trees_web-768x1024.jpeg 768w, https:\/\/ufor.uqo.ca\/fr\/wp-content\/uploads\/2021\/11\/Cemetery-trees_web-120x160.jpeg 120w, https:\/\/ufor.uqo.ca\/fr\/wp-content\/uploads\/2021\/11\/Cemetery-trees_web-500x667.jpeg 500w, https:\/\/ufor.uqo.ca\/fr\/wp-content\/uploads\/2021\/11\/Cemetery-trees_web.jpeg 1000w\" sizes=\"auto, (max-width: 700px) 100vw, 700px\" \/><figcaption>Visite du cimeti\u00e8re \u00e0 Halifax<\/figcaption><\/figure>\n\n\n\n<figure class=\"wp-block-image size-large\"><img loading=\"lazy\" decoding=\"async\" width=\"700\" height=\"525\" data-id=\"690\" src=\"https:\/\/ufor.uqo.ca\/fr\/wp-content\/uploads\/2021\/11\/Online-session-700x525.jpg\" alt=\"\" class=\"wp-image-690\" srcset=\"https:\/\/ufor.uqo.ca\/fr\/wp-content\/uploads\/2021\/11\/Online-session-700x525.jpg 700w, https:\/\/ufor.uqo.ca\/fr\/wp-content\/uploads\/2021\/11\/Online-session-250x188.jpg 250w, https:\/\/ufor.uqo.ca\/fr\/wp-content\/uploads\/2021\/11\/Online-session-768x576.jpg 768w, https:\/\/ufor.uqo.ca\/fr\/wp-content\/uploads\/2021\/11\/Online-session-120x90.jpg 120w, https:\/\/ufor.uqo.ca\/fr\/wp-content\/uploads\/2021\/11\/Online-session-500x375.jpg 500w, https:\/\/ufor.uqo.ca\/fr\/wp-content\/uploads\/2021\/11\/Online-session.jpg 960w\" sizes=\"auto, (max-width: 700px) 100vw, 700px\" \/><figcaption>Webinaire avec le groupe de Montr\u00e9al<\/figcaption><\/figure>\n\n\n\n<figure class=\"wp-block-image size-large\"><img loading=\"lazy\" decoding=\"async\" width=\"700\" height=\"179\" data-id=\"686\" src=\"https:\/\/ufor.uqo.ca\/fr\/wp-content\/uploads\/2021\/11\/Bear-hill-700x179.jpg\" alt=\"\" class=\"wp-image-686\" srcset=\"https:\/\/ufor.uqo.ca\/fr\/wp-content\/uploads\/2021\/11\/Bear-hill-700x179.jpg 700w, https:\/\/ufor.uqo.ca\/fr\/wp-content\/uploads\/2021\/11\/Bear-hill-250x64.jpg 250w, https:\/\/ufor.uqo.ca\/fr\/wp-content\/uploads\/2021\/11\/Bear-hill-768x196.jpg 768w, https:\/\/ufor.uqo.ca\/fr\/wp-content\/uploads\/2021\/11\/Bear-hill-120x31.jpg 120w, https:\/\/ufor.uqo.ca\/fr\/wp-content\/uploads\/2021\/11\/Bear-hill-500x128.jpg 500w, https:\/\/ufor.uqo.ca\/fr\/wp-content\/uploads\/2021\/11\/Bear-hill.jpg 1444w\" sizes=\"auto, (max-width: 700px) 100vw, 700px\" \/><figcaption>Vue 360 du point le plus haut (60m) \u00e0 Bear Hill Park, Toronto<\/figcaption><\/figure>\n\n\n\n<figure class=\"wp-block-image size-large\"><img loading=\"lazy\" decoding=\"async\" width=\"700\" height=\"525\" data-id=\"685\" src=\"https:\/\/ufor.uqo.ca\/fr\/wp-content\/uploads\/2021\/11\/Restored-black-Oak-Savanna-High-Park-Toronto-700x525.jpg\" alt=\"\" class=\"wp-image-685\" srcset=\"https:\/\/ufor.uqo.ca\/fr\/wp-content\/uploads\/2021\/11\/Restored-black-Oak-Savanna-High-Park-Toronto-700x525.jpg 700w, https:\/\/ufor.uqo.ca\/fr\/wp-content\/uploads\/2021\/11\/Restored-black-Oak-Savanna-High-Park-Toronto-250x188.jpg 250w, https:\/\/ufor.uqo.ca\/fr\/wp-content\/uploads\/2021\/11\/Restored-black-Oak-Savanna-High-Park-Toronto-768x576.jpg 768w, https:\/\/ufor.uqo.ca\/fr\/wp-content\/uploads\/2021\/11\/Restored-black-Oak-Savanna-High-Park-Toronto-120x90.jpg 120w, https:\/\/ufor.uqo.ca\/fr\/wp-content\/uploads\/2021\/11\/Restored-black-Oak-Savanna-High-Park-Toronto-500x375.jpg 500w, https:\/\/ufor.uqo.ca\/fr\/wp-content\/uploads\/2021\/11\/Restored-black-Oak-Savanna-High-Park-Toronto.jpg 1125w\" sizes=\"auto, (max-width: 700px) 100vw, 700px\" \/><figcaption>Savanne de ch\u00eanes noires restor\u00e9e \u00e0 High Park, Toronto<\/figcaption><\/figure>\n<\/figure>\n<\/div><\/div>\n<\/div>\n<\/div>\n","protected":false},"excerpt":{"rendered":"\u00c9cole Ufor Une formation pratique intensive d&#8217;une semaine \u00e0 l&#8217;\u00e9t\u00e9 ou au d\u00e9but de l&#8217;automne sur la planification urbaine socio-\u00e9cologique et les applications de la foresterie urbaine est offerte chaque ann\u00e9e \u00e0 tous les stagiaires financ\u00e9s. Ces \u00e9coles d\u2019\u00e9t\u00e9 sont d&#8217;excellentes occasions pour nos stagiaires de rencontrer d&#8217;autres \u00e9tudiants dans leur domaine partout au Canada&#8230; <a class=\"view-article\" href=\"https:\/\/ufor.uqo.ca\/fr\/summer-field-school\/\">Lire la suite<\/a>","protected":false},"author":2,"featured_media":0,"parent":0,"menu_order":0,"comment_status":"closed","ping_status":"closed","template":"template-banniere.php","meta":{"footnotes":""},"class_list":["post-130","page","type-page","status-publish","hentry"],"acf":[],"yoast_head":"<!-- This site is optimized with the Yoast SEO plugin v26.9 - https:\/\/yoast.com\/product\/yoast-seo-wordpress\/ -->\n<title>\u00c9cole d\u2019\u00e9t\u00e9 Ufor - UFOR<\/title>\n<meta name=\"robots\" content=\"index, follow, max-snippet:-1, max-image-preview:large, max-video-preview:-1\" \/>\n<link rel=\"canonical\" href=\"https:\/\/ufor.uqo.ca\/fr\/summer-field-school\/\" \/>\n<meta property=\"og:locale\" content=\"en_US\" \/>\n<meta property=\"og:type\" content=\"article\" \/>\n<meta property=\"og:title\" content=\"\u00c9cole d\u2019\u00e9t\u00e9 Ufor - UFOR\" \/>\n<meta property=\"og:description\" content=\"\u00c9cole Ufor Une formation pratique intensive d&#8217;une semaine \u00e0 l&#8217;\u00e9t\u00e9 ou au d\u00e9but de l&#8217;automne sur la planification urbaine socio-\u00e9cologique et les applications de la foresterie urbaine est offerte chaque ann\u00e9e \u00e0 tous les stagiaires financ\u00e9s. Ces \u00e9coles d\u2019\u00e9t\u00e9 sont d&#8217;excellentes occasions pour nos stagiaires de rencontrer d&#8217;autres \u00e9tudiants dans leur domaine partout au Canada... Lire la suite\" \/>\n<meta property=\"og:url\" content=\"https:\/\/ufor.uqo.ca\/fr\/summer-field-school\/\" \/>\n<meta property=\"og:site_name\" content=\"UFOR\" \/>\n<meta property=\"article:modified_time\" content=\"2022-06-13T19:53:11+00:00\" \/>\n<meta property=\"og:image\" content=\"https:\/\/ufor.uqo.ca\/fr\/wp-content\/uploads\/2021\/11\/Toronto-Group-photo-evergreen-Brickworks-700x525.jpg\" \/>\n<meta name=\"twitter:card\" content=\"summary_large_image\" \/>\n<script type=\"application\/ld+json\" class=\"yoast-schema-graph\">{\"@context\":\"https:\/\/schema.org\",\"@graph\":[{\"@type\":\"WebPage\",\"@id\":\"https:\/\/ufor.uqo.ca\/fr\/summer-field-school\/\",\"url\":\"https:\/\/ufor.uqo.ca\/fr\/summer-field-school\/\",\"name\":\"\u00c9cole d\u2019\u00e9t\u00e9 Ufor - UFOR\",\"isPartOf\":{\"@id\":\"https:\/\/ufor.uqo.ca\/fr\/#website\"},\"primaryImageOfPage\":{\"@id\":\"https:\/\/ufor.uqo.ca\/fr\/summer-field-school\/#primaryimage\"},\"image\":{\"@id\":\"https:\/\/ufor.uqo.ca\/fr\/summer-field-school\/#primaryimage\"},\"thumbnailUrl\":\"https:\/\/ufor.uqo.ca\/fr\/wp-content\/uploads\/2021\/11\/Toronto-Group-photo-evergreen-Brickworks-700x525.jpg\",\"datePublished\":\"2021-04-30T17:19:32+00:00\",\"dateModified\":\"2022-06-13T19:53:11+00:00\",\"breadcrumb\":{\"@id\":\"https:\/\/ufor.uqo.ca\/fr\/summer-field-school\/#breadcrumb\"},\"inLanguage\":\"en-CA\",\"potentialAction\":[{\"@type\":\"ReadAction\",\"target\":[\"https:\/\/ufor.uqo.ca\/fr\/summer-field-school\/\"]}]},{\"@type\":\"ImageObject\",\"inLanguage\":\"en-CA\",\"@id\":\"https:\/\/ufor.uqo.ca\/fr\/summer-field-school\/#primaryimage\",\"url\":\"https:\/\/ufor.uqo.ca\/fr\/wp-content\/uploads\/2021\/11\/Toronto-Group-photo-evergreen-Brickworks.jpg\",\"contentUrl\":\"https:\/\/ufor.uqo.ca\/fr\/wp-content\/uploads\/2021\/11\/Toronto-Group-photo-evergreen-Brickworks.jpg\",\"width\":1126,\"height\":844,\"caption\":\"Toronto group photo at Evergreen Brickworks\"},{\"@type\":\"BreadcrumbList\",\"@id\":\"https:\/\/ufor.uqo.ca\/fr\/summer-field-school\/#breadcrumb\",\"itemListElement\":[{\"@type\":\"ListItem\",\"position\":1,\"name\":\"Home\",\"item\":\"https:\/\/ufor.uqo.ca\/fr\/\"},{\"@type\":\"ListItem\",\"position\":2,\"name\":\"\u00c9cole d\u2019\u00e9t\u00e9 Ufor\"}]},{\"@type\":\"WebSite\",\"@id\":\"https:\/\/ufor.uqo.ca\/fr\/#website\",\"url\":\"https:\/\/ufor.uqo.ca\/fr\/\",\"name\":\"UFOR\",\"description\":\"The Urban forestry training program (UFOR)\",\"publisher\":{\"@id\":\"https:\/\/ufor.uqo.ca\/fr\/#organization\"},\"potentialAction\":[{\"@type\":\"SearchAction\",\"target\":{\"@type\":\"EntryPoint\",\"urlTemplate\":\"https:\/\/ufor.uqo.ca\/fr\/?s={search_term_string}\"},\"query-input\":{\"@type\":\"PropertyValueSpecification\",\"valueRequired\":true,\"valueName\":\"search_term_string\"}}],\"inLanguage\":\"en-CA\"},{\"@type\":\"Organization\",\"@id\":\"https:\/\/ufor.uqo.ca\/fr\/#organization\",\"name\":\"UFOR\",\"url\":\"https:\/\/ufor.uqo.ca\/fr\/\",\"logo\":{\"@type\":\"ImageObject\",\"inLanguage\":\"en-CA\",\"@id\":\"https:\/\/ufor.uqo.ca\/fr\/#\/schema\/logo\/image\/\",\"url\":\"https:\/\/ufor.uqo.ca\/fr\/wp-content\/uploads\/2021\/12\/ufor-fb.png\",\"contentUrl\":\"https:\/\/ufor.uqo.ca\/fr\/wp-content\/uploads\/2021\/12\/ufor-fb.png\",\"width\":1200,\"height\":630,\"caption\":\"UFOR\"},\"image\":{\"@id\":\"https:\/\/ufor.uqo.ca\/fr\/#\/schema\/logo\/image\/\"}}]}<\/script>\n<!-- \/ Yoast SEO plugin. -->","yoast_head_json":{"title":"\u00c9cole d\u2019\u00e9t\u00e9 Ufor - UFOR","robots":{"index":"index","follow":"follow","max-snippet":"max-snippet:-1","max-image-preview":"max-image-preview:large","max-video-preview":"max-video-preview:-1"},"canonical":"https:\/\/ufor.uqo.ca\/fr\/summer-field-school\/","og_locale":"en_US","og_type":"article","og_title":"\u00c9cole d\u2019\u00e9t\u00e9 Ufor - UFOR","og_description":"\u00c9cole Ufor Une formation pratique intensive d&#8217;une semaine \u00e0 l&#8217;\u00e9t\u00e9 ou au d\u00e9but de l&#8217;automne sur la planification urbaine socio-\u00e9cologique et les applications de la foresterie urbaine est offerte chaque ann\u00e9e \u00e0 tous les stagiaires financ\u00e9s. Ces \u00e9coles d\u2019\u00e9t\u00e9 sont d&#8217;excellentes occasions pour nos stagiaires de rencontrer d&#8217;autres \u00e9tudiants dans leur domaine partout au Canada... Lire la suite","og_url":"https:\/\/ufor.uqo.ca\/fr\/summer-field-school\/","og_site_name":"UFOR","article_modified_time":"2022-06-13T19:53:11+00:00","og_image":[{"url":"https:\/\/ufor.uqo.ca\/fr\/wp-content\/uploads\/2021\/11\/Toronto-Group-photo-evergreen-Brickworks-700x525.jpg","type":"","width":"","height":""}],"twitter_card":"summary_large_image","schema":{"@context":"https:\/\/schema.org","@graph":[{"@type":"WebPage","@id":"https:\/\/ufor.uqo.ca\/fr\/summer-field-school\/","url":"https:\/\/ufor.uqo.ca\/fr\/summer-field-school\/","name":"\u00c9cole d\u2019\u00e9t\u00e9 Ufor - UFOR","isPartOf":{"@id":"https:\/\/ufor.uqo.ca\/fr\/#website"},"primaryImageOfPage":{"@id":"https:\/\/ufor.uqo.ca\/fr\/summer-field-school\/#primaryimage"},"image":{"@id":"https:\/\/ufor.uqo.ca\/fr\/summer-field-school\/#primaryimage"},"thumbnailUrl":"https:\/\/ufor.uqo.ca\/fr\/wp-content\/uploads\/2021\/11\/Toronto-Group-photo-evergreen-Brickworks-700x525.jpg","datePublished":"2021-04-30T17:19:32+00:00","dateModified":"2022-06-13T19:53:11+00:00","breadcrumb":{"@id":"https:\/\/ufor.uqo.ca\/fr\/summer-field-school\/#breadcrumb"},"inLanguage":"en-CA","potentialAction":[{"@type":"ReadAction","target":["https:\/\/ufor.uqo.ca\/fr\/summer-field-school\/"]}]},{"@type":"ImageObject","inLanguage":"en-CA","@id":"https:\/\/ufor.uqo.ca\/fr\/summer-field-school\/#primaryimage","url":"https:\/\/ufor.uqo.ca\/fr\/wp-content\/uploads\/2021\/11\/Toronto-Group-photo-evergreen-Brickworks.jpg","contentUrl":"https:\/\/ufor.uqo.ca\/fr\/wp-content\/uploads\/2021\/11\/Toronto-Group-photo-evergreen-Brickworks.jpg","width":1126,"height":844,"caption":"Toronto group photo at Evergreen Brickworks"},{"@type":"BreadcrumbList","@id":"https:\/\/ufor.uqo.ca\/fr\/summer-field-school\/#breadcrumb","itemListElement":[{"@type":"ListItem","position":1,"name":"Home","item":"https:\/\/ufor.uqo.ca\/fr\/"},{"@type":"ListItem","position":2,"name":"\u00c9cole d\u2019\u00e9t\u00e9 Ufor"}]},{"@type":"WebSite","@id":"https:\/\/ufor.uqo.ca\/fr\/#website","url":"https:\/\/ufor.uqo.ca\/fr\/","name":"UFOR","description":"The Urban forestry training program (UFOR)","publisher":{"@id":"https:\/\/ufor.uqo.ca\/fr\/#organization"},"potentialAction":[{"@type":"SearchAction","target":{"@type":"EntryPoint","urlTemplate":"https:\/\/ufor.uqo.ca\/fr\/?s={search_term_string}"},"query-input":{"@type":"PropertyValueSpecification","valueRequired":true,"valueName":"search_term_string"}}],"inLanguage":"en-CA"},{"@type":"Organization","@id":"https:\/\/ufor.uqo.ca\/fr\/#organization","name":"UFOR","url":"https:\/\/ufor.uqo.ca\/fr\/","logo":{"@type":"ImageObject","inLanguage":"en-CA","@id":"https:\/\/ufor.uqo.ca\/fr\/#\/schema\/logo\/image\/","url":"https:\/\/ufor.uqo.ca\/fr\/wp-content\/uploads\/2021\/12\/ufor-fb.png","contentUrl":"https:\/\/ufor.uqo.ca\/fr\/wp-content\/uploads\/2021\/12\/ufor-fb.png","width":1200,"height":630,"caption":"UFOR"},"image":{"@id":"https:\/\/ufor.uqo.ca\/fr\/#\/schema\/logo\/image\/"}}]}},"_links":{"self":[{"href":"https:\/\/ufor.uqo.ca\/fr\/wp-json\/wp\/v2\/pages\/130","targetHints":{"allow":["GET"]}}],"collection":[{"href":"https:\/\/ufor.uqo.ca\/fr\/wp-json\/wp\/v2\/pages"}],"about":[{"href":"https:\/\/ufor.uqo.ca\/fr\/wp-json\/wp\/v2\/types\/page"}],"author":[{"embeddable":true,"href":"https:\/\/ufor.uqo.ca\/fr\/wp-json\/wp\/v2\/users\/2"}],"replies":[{"embeddable":true,"href":"https:\/\/ufor.uqo.ca\/fr\/wp-json\/wp\/v2\/comments?post=130"}],"version-history":[{"count":13,"href":"https:\/\/ufor.uqo.ca\/fr\/wp-json\/wp\/v2\/pages\/130\/revisions"}],"predecessor-version":[{"id":954,"href":"https:\/\/ufor.uqo.ca\/fr\/wp-json\/wp\/v2\/pages\/130\/revisions\/954"}],"wp:attachment":[{"href":"https:\/\/ufor.uqo.ca\/fr\/wp-json\/wp\/v2\/media?parent=130"}],"curies":[{"name":"wp","href":"https:\/\/api.w.org\/{rel}","templated":true}]}}