{"id":744,"date":"2021-12-01T10:36:11","date_gmt":"2021-12-01T15:36:11","guid":{"rendered":"https:\/\/ufor.uqo.ca\/?page_id=744"},"modified":"2022-06-13T14:27:12","modified_gmt":"2022-06-13T18:27:12","slug":"about-ufor","status":"publish","type":"page","link":"https:\/\/ufor.uqo.ca\/fr\/about-ufor\/","title":{"rendered":"\u00c0 propos de Ufor"},"content":{"rendered":"\n<h3 class=\"wp-block-heading\"><strong>Le raisonnement derri\u00e8re le programme Ufor<\/strong><\/h3>\n\n\n\n<blockquote class=\"wp-block-quote is-layout-flow wp-block-quote-is-layout-flow\"><p><strong><span style=\"text-decoration: underline;\"><strong>Plus de 80 % des Canadiens vivent dans des zones urbaines et les for\u00eats urbaines (UF) sont souvent la seule nature que les gens conna\u00eetront dans leur vie.<\/strong><\/span><\/strong> <\/p><\/blockquote>\n\n\n\n<div class=\"wp-block-columns are-vertically-aligned-center is-layout-flex wp-container-core-columns-is-layout-9d6595d7 wp-block-columns-is-layout-flex\">\n<div class=\"wp-block-column is-vertically-aligned-center is-layout-flow wp-block-column-is-layout-flow\">\n<p>Les arbres et for\u00eats urbains offrent aux citadins de nombreux avantages directs et indirects qui commencent \u00e0 \u00eatre pris en compte. L&#8217;arriv\u00e9e de l&#8217;agrile du fr\u00eane (<em>Agrilus planipennis<\/em>), un insecte non indig\u00e8ne provenant d&#8217;Asie, dans l&#8217;est de l&#8217;Am\u00e9rique du Nord a d\u00e9cim\u00e9 les populations urbaines d&#8217;arbres (avec une perte de plus de 20 % pour de nombreuses grandes villes comme Montr\u00e9al et Ottawa) et a fait prendre conscience de la valeur de la for\u00eat urbaine parmi les politiciens et les r\u00e9sidents. \u00c9tant donn\u00e9 que la planification et la gestion de la for\u00eat urbaine n\u00e9cessitent une large perspective qui englobe de nombreuses disciplines, aucuns domaines de recherche ou programmes de formation ne peuvent ad\u00e9quatement pr\u00e9parer les \u00e9tudiants gradu\u00e9s, des d\u00e9fis auxquels ils seront confront\u00e9s sur le march\u00e9 du travail. Cela cr\u00e9e un d\u00e9fi au niveau de l&#8217;\u00e9ducation et de la formation. Traditionnellement, la gestion des for\u00eats urbaines au Canada est effectu\u00e9e par des forestiers, des architectes paysagistes, des arboriculteurs et des horticulteurs qui ont peu de formation en \u00e9cologie urbaine, en biologie, en restauration, en p\u00e9dologie, en hydrologie ou en sciences sociales et \u00e9conomiques.<\/p>\n<\/div>\n\n\n\n<div class=\"wp-block-column is-layout-flow wp-block-column-is-layout-flow\">\n<div class=\"wp-block-image\"><figure class=\"aligncenter size-large is-resized\"><img loading=\"lazy\" decoding=\"async\" src=\"https:\/\/ufor.uqo.ca\/fr\/wp-content\/uploads\/2021\/12\/erik-heddema-7qheceNIy7k-unsplash_web-700x934.jpg\" alt=\"\" class=\"wp-image-757\" width=\"362\" height=\"483\" srcset=\"https:\/\/ufor.uqo.ca\/fr\/wp-content\/uploads\/2021\/12\/erik-heddema-7qheceNIy7k-unsplash_web-700x934.jpg 700w, https:\/\/ufor.uqo.ca\/fr\/wp-content\/uploads\/2021\/12\/erik-heddema-7qheceNIy7k-unsplash_web-250x333.jpg 250w, https:\/\/ufor.uqo.ca\/fr\/wp-content\/uploads\/2021\/12\/erik-heddema-7qheceNIy7k-unsplash_web-768x1024.jpg 768w, https:\/\/ufor.uqo.ca\/fr\/wp-content\/uploads\/2021\/12\/erik-heddema-7qheceNIy7k-unsplash_web-120x160.jpg 120w, https:\/\/ufor.uqo.ca\/fr\/wp-content\/uploads\/2021\/12\/erik-heddema-7qheceNIy7k-unsplash_web-500x667.jpg 500w, https:\/\/ufor.uqo.ca\/fr\/wp-content\/uploads\/2021\/12\/erik-heddema-7qheceNIy7k-unsplash_web.jpg 800w\" sizes=\"auto, (max-width: 362px) 100vw, 362px\" \/><\/figure><\/div>\n<\/div>\n<\/div>\n\n\n\n<blockquote class=\"wp-block-quote is-layout-flow wp-block-quote-is-layout-flow\"><p><span style=\"text-decoration: underline;\"><strong><strong>Due \u00e0 une raret\u00e9 au Canada et dans le monde, le programme de formation en foresterie urbaine (Ufor) vise \u00e0 augmenter l&#8217;offre de leaders professionnels bien qualifi\u00e9s, capables de g\u00e9rer la foresterie urbaine (Uf) dans de nouveaux \u00e9cosyst\u00e8mes urbains fa\u00e7onn\u00e9s par des conditions socioculturelles et \u00e9conomiques complexes.<\/strong><\/strong><\/span><\/p><\/blockquote>\n\n\n\n<p>Le d\u00e9veloppement d&#8217;une expertise \u00e0 l&#8217;\u00e9tranger dans la planification et la gestion des arbres et des for\u00eats urbaines qui fournissent la majeure partie des services \u00e9cosyst\u00e9miques dans les villes, ainsi que des aspects en sciences naturelles, sociales et de la sant\u00e9, procureront un atout important tout au long de la carri\u00e8re de nos stagiaires, ainsi que des avantages \u00e0 long terme pour les Canadiens. Les \u00e9tudiants appliqueront leurs connaissances et leurs comp\u00e9tences nouvellement acquises, ainsi que leurs perspectives, en collaboration directe avec les municipalit\u00e9s, les agences gouvernementales, les entreprises et les groupes \u00e0 but non lucratif.<\/p>\n\n\n\n<h3 class=\"wp-block-heading\"><strong>Former de nouveaux am\u00e9nagistes forestiers urbains<\/strong><\/h3>\n\n\n\n<p>Le Canada a besoin de ce nouveau type de gestionnaire en for\u00eats urbaines qui reconna\u00eetra les contraintes et les opportunit\u00e9s quand il viendra \u00e0 favoriser des for\u00eats urbaines et p\u00e9riurbaines plus r\u00e9silientes et productives face aux menaces croissantes des changements globaux.<\/p>\n\n\n\n<blockquote class=\"wp-block-quote is-layout-flow wp-block-quote-is-layout-flow\"><p><strong><span style=\"text-decoration: underline;\"><strong><u>Il existe un besoin croissant de professionnels capables de g\u00e9rer les demandes concurrentes du public, des d\u00e9cideurs, des \u00e9conomistes, des organisations environnementales et capables de concevoir et de mettre en place des strat\u00e9gies d&#8217;engagement et de sensibilisation.<\/u><\/strong><\/span><\/strong><\/p><\/blockquote>\n\n\n\n<div class=\"wp-block-columns is-layout-flex wp-container-core-columns-is-layout-9d6595d7 wp-block-columns-is-layout-flex\">\n<div class=\"wp-block-column is-vertically-aligned-center is-layout-flow wp-block-column-is-layout-flow\">\n<div class=\"wp-block-image\"><figure class=\"aligncenter size-large is-resized\"><img loading=\"lazy\" decoding=\"async\" src=\"https:\/\/ufor.uqo.ca\/fr\/wp-content\/uploads\/2021\/12\/Crispin_Natalie_SouthParkTree_23m3_210825_web-700x933.jpg\" alt=\"\" class=\"wp-image-759\" width=\"353\" height=\"470\" srcset=\"https:\/\/ufor.uqo.ca\/fr\/wp-content\/uploads\/2021\/12\/Crispin_Natalie_SouthParkTree_23m3_210825_web-700x933.jpg 700w, https:\/\/ufor.uqo.ca\/fr\/wp-content\/uploads\/2021\/12\/Crispin_Natalie_SouthParkTree_23m3_210825_web-250x333.jpg 250w, https:\/\/ufor.uqo.ca\/fr\/wp-content\/uploads\/2021\/12\/Crispin_Natalie_SouthParkTree_23m3_210825_web-768x1024.jpg 768w, https:\/\/ufor.uqo.ca\/fr\/wp-content\/uploads\/2021\/12\/Crispin_Natalie_SouthParkTree_23m3_210825_web-120x160.jpg 120w, https:\/\/ufor.uqo.ca\/fr\/wp-content\/uploads\/2021\/12\/Crispin_Natalie_SouthParkTree_23m3_210825_web-500x667.jpg 500w, https:\/\/ufor.uqo.ca\/fr\/wp-content\/uploads\/2021\/12\/Crispin_Natalie_SouthParkTree_23m3_210825_web.jpg 1000w\" sizes=\"auto, (max-width: 353px) 100vw, 353px\" \/><\/figure><\/div>\n<\/div>\n\n\n\n<div class=\"wp-block-column is-vertically-aligned-center is-layout-flow wp-block-column-is-layout-flow\">\n<p>Les \u00e9tudiants apprendront \u00e0 int\u00e9grer des informations et connaissances \u00e9cologiques de la plante et de son substrat \u00e0 l\u2019\u00e9chelle individuelle jusqu&#8217;\u00e0 l&#8217;\u00e9cosyst\u00e8me urbain socio-\u00e9cologique, en utilisant les derniers outils et connaissances en statistiques spatiales, en t\u00e9l\u00e9d\u00e9tection, de SIG, de simulation et mod\u00e9lisation de sc\u00e9narios. Ils apprendront \u00e9galement \u00e0 analyser les arbres et les for\u00eats urbaines dans diff\u00e9rents contextes sociaux et \u00e9conomiques et \u00e0 d\u00e9velopper des arguments fond\u00e9s sur des preuves pour promouvoir les for\u00eats en tant qu&#8217;\u00e9l\u00e9ment essentiel de l&#8217;environnement urbain. Ils seront en mesure d&#8217;\u00e9valuer et de surveiller les services et les avantages \u00e9conomiques des arbres et de la v\u00e9g\u00e9tation associ\u00e9e, d&#8217;\u00e9valuer les stress et les ravageurs et de reconna\u00eetre l&#8217;importance de la diversit\u00e9 pour favoriser une for\u00eat urbaine saine et r\u00e9siliente.<\/p>\n<\/div>\n<\/div>\n\n\n\n<p><\/p>\n\n\n\n<h3 class=\"wp-block-heading\"><strong>Quels sont les besoins des nouveaux am\u00e9nagistes forestiers urbains?<\/strong><\/h3>\n\n\n\n<blockquote class=\"wp-block-quote is-layout-flow wp-block-quote-is-layout-flow\"><p><strong><span style=\"text-decoration: underline;\"><strong><u>Les employeurs potentiels dans ce domaine sont nombreux et diversifi\u00e9s. Les 100 villes canadiennes de plus de 25 000 personnes, emploient d\u00e9j\u00e0 ou pourraient employer au moins un de nos stagiaires, supposant qu&#8217;elles ont les ressources et les besoins pour ce type de professionnel; les grandes r\u00e9gions m\u00e9tropolitaines comme Toronto, Montr\u00e9al et Vancouver cherchent chacun \u00e0 employer plus de 20 professionnels.<\/u><\/strong><\/span><\/strong><\/p><\/blockquote>\n\n\n\n<p>De plus, un nombre croissant de firmes de consultants, de grandes p\u00e9pini\u00e8res, de soci\u00e9t\u00e9s de services publics au niveau provincial, de soci\u00e9t\u00e9s d&#8217;am\u00e9nagement paysager, de soci\u00e9t\u00e9s d&#8217;ing\u00e9nierie et d&#8217;ONG qui travaillent avec les arbres et le verdissement urbain, doivent employer de tels professionnels. La demande de professionnels bien qualifi\u00e9s dans la gestion foresti\u00e8re urbaine augmente rapidement, avec une reconnaissance croissante de l&#8217;importance et des menaces aux for\u00eats urbaines. Par exemple, au Qu\u00e9bec, les nouvelles normes pour les municipalit\u00e9s exigeront des pratiques am\u00e9lior\u00e9es pour la gestion des arbres, de la v\u00e9g\u00e9tation et des eaux pluviales.<\/p>\n","protected":false},"excerpt":{"rendered":"Le raisonnement derri\u00e8re le programme Ufor Plus de 80 % des Canadiens vivent dans des zones urbaines et les for\u00eats urbaines (UF) sont souvent la seule nature que les gens conna\u00eetront dans leur vie. Les arbres et for\u00eats urbains offrent aux citadins de nombreux avantages directs et indirects qui commencent \u00e0 \u00eatre pris en compte&#8230;. <a class=\"view-article\" href=\"https:\/\/ufor.uqo.ca\/fr\/about-ufor\/\">Lire la suite<\/a>","protected":false},"author":2,"featured_media":0,"parent":0,"menu_order":0,"comment_status":"closed","ping_status":"closed","template":"","meta":{"footnotes":""},"class_list":["post-744","page","type-page","status-publish","hentry"],"acf":[],"yoast_head":"<!-- This site is optimized with the Yoast SEO plugin v26.9 - https:\/\/yoast.com\/product\/yoast-seo-wordpress\/ -->\n<title>\u00c0 propos de Ufor - UFOR<\/title>\n<meta name=\"robots\" content=\"index, follow, max-snippet:-1, max-image-preview:large, max-video-preview:-1\" \/>\n<link rel=\"canonical\" href=\"https:\/\/ufor.uqo.ca\/fr\/about-ufor\/\" \/>\n<meta property=\"og:locale\" content=\"en_US\" \/>\n<meta property=\"og:type\" content=\"article\" \/>\n<meta property=\"og:title\" content=\"\u00c0 propos de Ufor - UFOR\" \/>\n<meta property=\"og:description\" content=\"Le raisonnement derri\u00e8re le programme Ufor Plus de 80 % des Canadiens vivent dans des zones urbaines et les for\u00eats urbaines (UF) sont souvent la seule nature que les gens conna\u00eetront dans leur vie. Les arbres et for\u00eats urbains offrent aux citadins de nombreux avantages directs et indirects qui commencent \u00e0 \u00eatre pris en compte.... Lire la suite\" \/>\n<meta property=\"og:url\" content=\"https:\/\/ufor.uqo.ca\/fr\/about-ufor\/\" \/>\n<meta property=\"og:site_name\" content=\"UFOR\" \/>\n<meta property=\"article:modified_time\" content=\"2022-06-13T18:27:12+00:00\" \/>\n<meta property=\"og:image\" content=\"https:\/\/ufor.uqo.ca\/fr\/wp-content\/uploads\/2021\/12\/erik-heddema-7qheceNIy7k-unsplash_web-700x934.jpg\" \/>\n<meta name=\"twitter:card\" content=\"summary_large_image\" \/>\n<script type=\"application\/ld+json\" class=\"yoast-schema-graph\">{\"@context\":\"https:\/\/schema.org\",\"@graph\":[{\"@type\":\"WebPage\",\"@id\":\"https:\/\/ufor.uqo.ca\/fr\/about-ufor\/\",\"url\":\"https:\/\/ufor.uqo.ca\/fr\/about-ufor\/\",\"name\":\"\u00c0 propos de Ufor - UFOR\",\"isPartOf\":{\"@id\":\"https:\/\/ufor.uqo.ca\/fr\/#website\"},\"primaryImageOfPage\":{\"@id\":\"https:\/\/ufor.uqo.ca\/fr\/about-ufor\/#primaryimage\"},\"image\":{\"@id\":\"https:\/\/ufor.uqo.ca\/fr\/about-ufor\/#primaryimage\"},\"thumbnailUrl\":\"https:\/\/ufor.uqo.ca\/fr\/wp-content\/uploads\/2021\/12\/erik-heddema-7qheceNIy7k-unsplash_web-700x934.jpg\",\"datePublished\":\"2021-12-01T15:36:11+00:00\",\"dateModified\":\"2022-06-13T18:27:12+00:00\",\"breadcrumb\":{\"@id\":\"https:\/\/ufor.uqo.ca\/fr\/about-ufor\/#breadcrumb\"},\"inLanguage\":\"en-CA\",\"potentialAction\":[{\"@type\":\"ReadAction\",\"target\":[\"https:\/\/ufor.uqo.ca\/fr\/about-ufor\/\"]}]},{\"@type\":\"ImageObject\",\"inLanguage\":\"en-CA\",\"@id\":\"https:\/\/ufor.uqo.ca\/fr\/about-ufor\/#primaryimage\",\"url\":\"https:\/\/ufor.uqo.ca\/fr\/wp-content\/uploads\/2021\/12\/erik-heddema-7qheceNIy7k-unsplash_web.jpg\",\"contentUrl\":\"https:\/\/ufor.uqo.ca\/fr\/wp-content\/uploads\/2021\/12\/erik-heddema-7qheceNIy7k-unsplash_web.jpg\",\"width\":800,\"height\":1067},{\"@type\":\"BreadcrumbList\",\"@id\":\"https:\/\/ufor.uqo.ca\/fr\/about-ufor\/#breadcrumb\",\"itemListElement\":[{\"@type\":\"ListItem\",\"position\":1,\"name\":\"Home\",\"item\":\"https:\/\/ufor.uqo.ca\/fr\/\"},{\"@type\":\"ListItem\",\"position\":2,\"name\":\"\u00c0 propos de Ufor\"}]},{\"@type\":\"WebSite\",\"@id\":\"https:\/\/ufor.uqo.ca\/fr\/#website\",\"url\":\"https:\/\/ufor.uqo.ca\/fr\/\",\"name\":\"UFOR\",\"description\":\"The Urban forestry training program (UFOR)\",\"publisher\":{\"@id\":\"https:\/\/ufor.uqo.ca\/fr\/#organization\"},\"potentialAction\":[{\"@type\":\"SearchAction\",\"target\":{\"@type\":\"EntryPoint\",\"urlTemplate\":\"https:\/\/ufor.uqo.ca\/fr\/?s={search_term_string}\"},\"query-input\":{\"@type\":\"PropertyValueSpecification\",\"valueRequired\":true,\"valueName\":\"search_term_string\"}}],\"inLanguage\":\"en-CA\"},{\"@type\":\"Organization\",\"@id\":\"https:\/\/ufor.uqo.ca\/fr\/#organization\",\"name\":\"UFOR\",\"url\":\"https:\/\/ufor.uqo.ca\/fr\/\",\"logo\":{\"@type\":\"ImageObject\",\"inLanguage\":\"en-CA\",\"@id\":\"https:\/\/ufor.uqo.ca\/fr\/#\/schema\/logo\/image\/\",\"url\":\"https:\/\/ufor.uqo.ca\/fr\/wp-content\/uploads\/2021\/12\/ufor-fb.png\",\"contentUrl\":\"https:\/\/ufor.uqo.ca\/fr\/wp-content\/uploads\/2021\/12\/ufor-fb.png\",\"width\":1200,\"height\":630,\"caption\":\"UFOR\"},\"image\":{\"@id\":\"https:\/\/ufor.uqo.ca\/fr\/#\/schema\/logo\/image\/\"}}]}<\/script>\n<!-- \/ Yoast SEO plugin. -->","yoast_head_json":{"title":"\u00c0 propos de Ufor - UFOR","robots":{"index":"index","follow":"follow","max-snippet":"max-snippet:-1","max-image-preview":"max-image-preview:large","max-video-preview":"max-video-preview:-1"},"canonical":"https:\/\/ufor.uqo.ca\/fr\/about-ufor\/","og_locale":"en_US","og_type":"article","og_title":"\u00c0 propos de Ufor - UFOR","og_description":"Le raisonnement derri\u00e8re le programme Ufor Plus de 80 % des Canadiens vivent dans des zones urbaines et les for\u00eats urbaines (UF) sont souvent la seule nature que les gens conna\u00eetront dans leur vie. Les arbres et for\u00eats urbains offrent aux citadins de nombreux avantages directs et indirects qui commencent \u00e0 \u00eatre pris en compte.... Lire la suite","og_url":"https:\/\/ufor.uqo.ca\/fr\/about-ufor\/","og_site_name":"UFOR","article_modified_time":"2022-06-13T18:27:12+00:00","og_image":[{"url":"https:\/\/ufor.uqo.ca\/fr\/wp-content\/uploads\/2021\/12\/erik-heddema-7qheceNIy7k-unsplash_web-700x934.jpg","type":"","width":"","height":""}],"twitter_card":"summary_large_image","schema":{"@context":"https:\/\/schema.org","@graph":[{"@type":"WebPage","@id":"https:\/\/ufor.uqo.ca\/fr\/about-ufor\/","url":"https:\/\/ufor.uqo.ca\/fr\/about-ufor\/","name":"\u00c0 propos de Ufor - UFOR","isPartOf":{"@id":"https:\/\/ufor.uqo.ca\/fr\/#website"},"primaryImageOfPage":{"@id":"https:\/\/ufor.uqo.ca\/fr\/about-ufor\/#primaryimage"},"image":{"@id":"https:\/\/ufor.uqo.ca\/fr\/about-ufor\/#primaryimage"},"thumbnailUrl":"https:\/\/ufor.uqo.ca\/fr\/wp-content\/uploads\/2021\/12\/erik-heddema-7qheceNIy7k-unsplash_web-700x934.jpg","datePublished":"2021-12-01T15:36:11+00:00","dateModified":"2022-06-13T18:27:12+00:00","breadcrumb":{"@id":"https:\/\/ufor.uqo.ca\/fr\/about-ufor\/#breadcrumb"},"inLanguage":"en-CA","potentialAction":[{"@type":"ReadAction","target":["https:\/\/ufor.uqo.ca\/fr\/about-ufor\/"]}]},{"@type":"ImageObject","inLanguage":"en-CA","@id":"https:\/\/ufor.uqo.ca\/fr\/about-ufor\/#primaryimage","url":"https:\/\/ufor.uqo.ca\/fr\/wp-content\/uploads\/2021\/12\/erik-heddema-7qheceNIy7k-unsplash_web.jpg","contentUrl":"https:\/\/ufor.uqo.ca\/fr\/wp-content\/uploads\/2021\/12\/erik-heddema-7qheceNIy7k-unsplash_web.jpg","width":800,"height":1067},{"@type":"BreadcrumbList","@id":"https:\/\/ufor.uqo.ca\/fr\/about-ufor\/#breadcrumb","itemListElement":[{"@type":"ListItem","position":1,"name":"Home","item":"https:\/\/ufor.uqo.ca\/fr\/"},{"@type":"ListItem","position":2,"name":"\u00c0 propos de Ufor"}]},{"@type":"WebSite","@id":"https:\/\/ufor.uqo.ca\/fr\/#website","url":"https:\/\/ufor.uqo.ca\/fr\/","name":"UFOR","description":"The Urban forestry training program (UFOR)","publisher":{"@id":"https:\/\/ufor.uqo.ca\/fr\/#organization"},"potentialAction":[{"@type":"SearchAction","target":{"@type":"EntryPoint","urlTemplate":"https:\/\/ufor.uqo.ca\/fr\/?s={search_term_string}"},"query-input":{"@type":"PropertyValueSpecification","valueRequired":true,"valueName":"search_term_string"}}],"inLanguage":"en-CA"},{"@type":"Organization","@id":"https:\/\/ufor.uqo.ca\/fr\/#organization","name":"UFOR","url":"https:\/\/ufor.uqo.ca\/fr\/","logo":{"@type":"ImageObject","inLanguage":"en-CA","@id":"https:\/\/ufor.uqo.ca\/fr\/#\/schema\/logo\/image\/","url":"https:\/\/ufor.uqo.ca\/fr\/wp-content\/uploads\/2021\/12\/ufor-fb.png","contentUrl":"https:\/\/ufor.uqo.ca\/fr\/wp-content\/uploads\/2021\/12\/ufor-fb.png","width":1200,"height":630,"caption":"UFOR"},"image":{"@id":"https:\/\/ufor.uqo.ca\/fr\/#\/schema\/logo\/image\/"}}]}},"_links":{"self":[{"href":"https:\/\/ufor.uqo.ca\/fr\/wp-json\/wp\/v2\/pages\/744","targetHints":{"allow":["GET"]}}],"collection":[{"href":"https:\/\/ufor.uqo.ca\/fr\/wp-json\/wp\/v2\/pages"}],"about":[{"href":"https:\/\/ufor.uqo.ca\/fr\/wp-json\/wp\/v2\/types\/page"}],"author":[{"embeddable":true,"href":"https:\/\/ufor.uqo.ca\/fr\/wp-json\/wp\/v2\/users\/2"}],"replies":[{"embeddable":true,"href":"https:\/\/ufor.uqo.ca\/fr\/wp-json\/wp\/v2\/comments?post=744"}],"version-history":[{"count":9,"href":"https:\/\/ufor.uqo.ca\/fr\/wp-json\/wp\/v2\/pages\/744\/revisions"}],"predecessor-version":[{"id":928,"href":"https:\/\/ufor.uqo.ca\/fr\/wp-json\/wp\/v2\/pages\/744\/revisions\/928"}],"wp:attachment":[{"href":"https:\/\/ufor.uqo.ca\/fr\/wp-json\/wp\/v2\/media?parent=744"}],"curies":[{"name":"wp","href":"https:\/\/api.w.org\/{rel}","templated":true}]}}