{"id":963,"date":"2026-02-10T09:27:49","date_gmt":"2026-02-10T14:27:49","guid":{"rendered":"https:\/\/ufor.uqo.ca\/fr\/?page_id=963"},"modified":"2026-02-10T09:29:04","modified_gmt":"2026-02-10T14:29:04","slug":"politique-de-protection-des-renseignements-personnels","status":"publish","type":"page","link":"https:\/\/ufor.uqo.ca\/fr\/politique-de-protection-des-renseignements-personnels\/","title":{"rendered":"Politique de protection des renseignements personnels\u00a0"},"content":{"rendered":"\n<p><strong>Site Web :<\/strong>&nbsp;UFOR \u2013 ufor.uqo.ca<\/p>\n\n\n\n<p><strong>H\u00e9bergement :<\/strong>&nbsp;Universit\u00e9 du Qu\u00e9bec en Outaouais (UQO)<\/p>\n\n\n\n<p><strong>[ Version du 27 janvier 2026 ]<\/strong><\/p>\n\n\n\n<h2 class=\"wp-block-heading\">I. Introduction et Mission<\/h2>\n\n\n\n<p>Le site&nbsp;<strong>UFOR<\/strong>&nbsp;s&#8217;engage \u00e0 prot\u00e9ger la vie priv\u00e9e des membres de sa communaut\u00e9 et de ses visiteurs. En tant qu&#8217;entit\u00e9 rattach\u00e9e \u00e0 l&#8217;Universit\u00e9 du Qu\u00e9bec en Outaouais (UQO), nous appliquons des mesures de s\u00e9curit\u00e9 rigoureuses pour assurer la confidentialit\u00e9 des renseignements personnels, conform\u00e9ment \u00e0 la&nbsp;<strong>Loi 25<\/strong>.<\/p>\n\n\n\n<h2 class=\"wp-block-heading\">II. Responsable de la Protection des Renseignements Personnels (RPRP)<\/h2>\n\n\n\n<p>Pour toute question, demande d&#8217;acc\u00e8s ou exercice de vos droits, veuillez contacter :<\/p>\n\n\n\n<ul class=\"wp-block-list\">\n<li><strong>Nom :<\/strong>\u00a0Beno\u00eet Gendreau-Berthiaume<\/li>\n\n\n\n<li><strong>Titre :<\/strong>\u00a0Coordonnateur de l\u2019UFOR et Professionnel de recherche<\/li>\n\n\n\n<li><strong>Courriel :<\/strong>\u00a0benoit.gendreau-berthiaume@uqo.ca<\/li>\n\n\n\n<li><strong>T\u00e9l\u00e9phone :<\/strong>\u00a0819-208-2344<\/li>\n\n\n\n<li><strong>Adresse :<\/strong>\u00a0283, boul. Alexandre-Tach\u00e9, Gatineau (Qu\u00e9bec), J8X 3X7<\/li>\n<\/ul>\n\n\n\n<h2 class=\"wp-block-heading\">III. Collecte des Donn\u00e9es et Consentement<\/h2>\n\n\n\n<p>Nous recueillons des donn\u00e9es via :<\/p>\n\n\n\n<ol class=\"wp-block-list\">\n<li><strong>Saisie manuelle :<\/strong>\u00a0Formulaires de contact ou d&#8217;abonnement.<\/li>\n\n\n\n<li><strong>Collecte automatis\u00e9e :<\/strong>\u00a0T\u00e9moins (cookies) d\u00e9pos\u00e9s lors de votre navigation.<\/li>\n<\/ol>\n\n\n\n<p><strong>Gestion du Consentement :<\/strong>&nbsp;Gr\u00e2ce \u00e0 la solution&nbsp;<strong>Didomi<\/strong>, vous pouvez choisir d&#8217;accepter ou de refuser les traceurs non essentiels lors de votre premi\u00e8re visite ou \u00e0 tout moment via le lien \u00ab G\u00e9rer mes t\u00e9moins \u00bb en bas de page.<\/p>\n\n\n\n<h2 class=\"wp-block-heading\">IV. Utilisation et Partage des Donn\u00e9es<\/h2>\n\n\n\n<p>Vos donn\u00e9es sont utilis\u00e9es pour :<\/p>\n\n\n\n<ul class=\"wp-block-list\">\n<li><strong>Analyse de performance :<\/strong>\u00a0Mesurer l&#8217;audience via Google Analytics.<\/li>\n\n\n\n<li><strong>Services tiers :<\/strong>\u00a0Affichage de vid\u00e9os via YouTube et protection contre le spam via Google reCAPTCHA.<\/li>\n\n\n\n<li><strong>Interactions sociales :<\/strong>\u00a0Partage et suivi via le SDK Facebook.<\/li>\n<\/ul>\n\n\n\n<p><strong>Partage avec des tiers :<\/strong>&nbsp;Le site transmet des identifiants techniques anonymis\u00e9s \u00e0&nbsp;<strong>Google<\/strong>,&nbsp;<strong>Facebook<\/strong>&nbsp;et&nbsp;<strong>YouTube<\/strong>.<\/p>\n\n\n\n<h2 class=\"wp-block-heading\">V. Liste des Traceurs (Cookies) D\u00e9tect\u00e9s<\/h2>\n\n\n\n<figure class=\"wp-block-table\"><table class=\"has-fixed-layout\"><tbody><tr><td><strong>Nom du t\u00e9moin<\/strong><\/td><td><strong>Fournisseur<\/strong><\/td><td><strong>Finalit\u00e9<\/strong><\/td><\/tr><tr><td>didomi_token<\/td><td>Didomi<\/td><td>Enregistrement de vos choix de confidentialit\u00e9.<\/td><\/tr><tr><td>_ga, _ga_#, _gid<\/td><td>Google<\/td><td>Statistiques de navigation anonymes.<\/td><\/tr><tr><td>YSC, VISITOR_INFO1_LIVE<\/td><td>YouTube<\/td><td>Fonctionnement du lecteur vid\u00e9o institutionnel.<\/td><\/tr><tr><td>fbc, fbp<\/td><td>Facebook<\/td><td>Interaction avec les r\u00e9seaux sociaux.<\/td><\/tr><tr><td>modernizr<\/td><td>UQO<\/td><td>Adaptation technique \u00e0 votre navigateur.<\/td><\/tr><\/tbody><\/table><\/figure>\n\n\n\n<h2 class=\"wp-block-heading\">VI. S\u00e9curit\u00e9 et Droits<\/h2>\n\n\n\n<ul class=\"wp-block-list\">\n<li><strong>Lieu de conservation :<\/strong>\u00a0Vos donn\u00e9es sont stock\u00e9es sur les serveurs de l&#8217;UQO au Qu\u00e9bec.<\/li>\n\n\n\n<li><strong>Vos Droits :<\/strong>\u00a0Vous disposez d&#8217;un droit d&#8217;acc\u00e8s, de rectification et de retrait de consentement. Contactez le responsable \u00e0 l&#8217;adresse indiqu\u00e9e \u00e0 la section II pour toute demande.<\/li>\n<\/ul>\n","protected":false},"excerpt":{"rendered":"Site Web :&nbsp;UFOR \u2013 ufor.uqo.ca H\u00e9bergement :&nbsp;Universit\u00e9 du Qu\u00e9bec en Outaouais (UQO) [ Version du 27 janvier 2026 ] I. Introduction et Mission Le site&nbsp;UFOR&nbsp;s&#8217;engage \u00e0 prot\u00e9ger la vie priv\u00e9e des membres de sa communaut\u00e9 et de ses visiteurs. En tant qu&#8217;entit\u00e9 rattach\u00e9e \u00e0 l&#8217;Universit\u00e9 du Qu\u00e9bec en Outaouais (UQO), nous appliquons des mesures de&#8230; <a class=\"view-article\" href=\"https:\/\/ufor.uqo.ca\/fr\/politique-de-protection-des-renseignements-personnels\/\">Lire la suite<\/a>","protected":false},"author":1,"featured_media":0,"parent":0,"menu_order":0,"comment_status":"closed","ping_status":"closed","template":"","meta":{"footnotes":""},"class_list":["post-963","page","type-page","status-publish","hentry"],"acf":[],"yoast_head":"<!-- This site is optimized with the Yoast SEO plugin v26.9 - https:\/\/yoast.com\/product\/yoast-seo-wordpress\/ -->\n<title>Politique de protection des renseignements personnels\u00a0 - UFOR<\/title>\n<meta name=\"robots\" content=\"noindex, nofollow\" \/>\n<meta property=\"og:locale\" content=\"en_US\" \/>\n<meta property=\"og:type\" content=\"article\" \/>\n<meta property=\"og:title\" content=\"Politique de protection des renseignements personnels\u00a0 - UFOR\" \/>\n<meta property=\"og:description\" content=\"Site Web :&nbsp;UFOR \u2013 ufor.uqo.ca H\u00e9bergement :&nbsp;Universit\u00e9 du Qu\u00e9bec en Outaouais (UQO) [ Version du 27 janvier 2026 ] I. Introduction et Mission Le site&nbsp;UFOR&nbsp;s&#8217;engage \u00e0 prot\u00e9ger la vie priv\u00e9e des membres de sa communaut\u00e9 et de ses visiteurs. En tant qu&#8217;entit\u00e9 rattach\u00e9e \u00e0 l&#8217;Universit\u00e9 du Qu\u00e9bec en Outaouais (UQO), nous appliquons des mesures de... Lire la suite\" \/>\n<meta property=\"og:url\" content=\"https:\/\/ufor.uqo.ca\/fr\/politique-de-protection-des-renseignements-personnels\/\" \/>\n<meta property=\"og:site_name\" content=\"UFOR\" \/>\n<meta property=\"article:modified_time\" content=\"2026-02-10T14:29:04+00:00\" \/>\n<meta property=\"og:image\" content=\"https:\/\/ufor.uqo.ca\/fr\/wp-content\/uploads\/2021\/12\/ufor-fb.png\" \/>\n\t<meta property=\"og:image:width\" content=\"1200\" \/>\n\t<meta property=\"og:image:height\" content=\"630\" \/>\n\t<meta property=\"og:image:type\" content=\"image\/png\" \/>\n<meta name=\"twitter:card\" content=\"summary_large_image\" \/>\n<script type=\"application\/ld+json\" class=\"yoast-schema-graph\">{\"@context\":\"https:\/\/schema.org\",\"@graph\":[{\"@type\":\"WebPage\",\"@id\":\"https:\/\/ufor.uqo.ca\/fr\/politique-de-protection-des-renseignements-personnels\/\",\"url\":\"https:\/\/ufor.uqo.ca\/fr\/politique-de-protection-des-renseignements-personnels\/\",\"name\":\"Politique de protection des renseignements personnels\u00a0 - UFOR\",\"isPartOf\":{\"@id\":\"https:\/\/ufor.uqo.ca\/fr\/#website\"},\"datePublished\":\"2026-02-10T14:27:49+00:00\",\"dateModified\":\"2026-02-10T14:29:04+00:00\",\"breadcrumb\":{\"@id\":\"https:\/\/ufor.uqo.ca\/fr\/politique-de-protection-des-renseignements-personnels\/#breadcrumb\"},\"inLanguage\":\"en-CA\",\"potentialAction\":[{\"@type\":\"ReadAction\",\"target\":[\"https:\/\/ufor.uqo.ca\/fr\/politique-de-protection-des-renseignements-personnels\/\"]}]},{\"@type\":\"BreadcrumbList\",\"@id\":\"https:\/\/ufor.uqo.ca\/fr\/politique-de-protection-des-renseignements-personnels\/#breadcrumb\",\"itemListElement\":[{\"@type\":\"ListItem\",\"position\":1,\"name\":\"Home\",\"item\":\"https:\/\/ufor.uqo.ca\/fr\/\"},{\"@type\":\"ListItem\",\"position\":2,\"name\":\"Politique de protection des renseignements personnels\u00a0\"}]},{\"@type\":\"WebSite\",\"@id\":\"https:\/\/ufor.uqo.ca\/fr\/#website\",\"url\":\"https:\/\/ufor.uqo.ca\/fr\/\",\"name\":\"UFOR\",\"description\":\"The Urban forestry training program (UFOR)\",\"publisher\":{\"@id\":\"https:\/\/ufor.uqo.ca\/fr\/#organization\"},\"potentialAction\":[{\"@type\":\"SearchAction\",\"target\":{\"@type\":\"EntryPoint\",\"urlTemplate\":\"https:\/\/ufor.uqo.ca\/fr\/?s={search_term_string}\"},\"query-input\":{\"@type\":\"PropertyValueSpecification\",\"valueRequired\":true,\"valueName\":\"search_term_string\"}}],\"inLanguage\":\"en-CA\"},{\"@type\":\"Organization\",\"@id\":\"https:\/\/ufor.uqo.ca\/fr\/#organization\",\"name\":\"UFOR\",\"url\":\"https:\/\/ufor.uqo.ca\/fr\/\",\"logo\":{\"@type\":\"ImageObject\",\"inLanguage\":\"en-CA\",\"@id\":\"https:\/\/ufor.uqo.ca\/fr\/#\/schema\/logo\/image\/\",\"url\":\"https:\/\/ufor.uqo.ca\/fr\/wp-content\/uploads\/2021\/12\/ufor-fb.png\",\"contentUrl\":\"https:\/\/ufor.uqo.ca\/fr\/wp-content\/uploads\/2021\/12\/ufor-fb.png\",\"width\":1200,\"height\":630,\"caption\":\"UFOR\"},\"image\":{\"@id\":\"https:\/\/ufor.uqo.ca\/fr\/#\/schema\/logo\/image\/\"}}]}<\/script>\n<!-- \/ Yoast SEO plugin. -->","yoast_head_json":{"title":"Politique de protection des renseignements personnels\u00a0 - UFOR","robots":{"index":"noindex","follow":"nofollow"},"og_locale":"en_US","og_type":"article","og_title":"Politique de protection des renseignements personnels\u00a0 - UFOR","og_description":"Site Web :&nbsp;UFOR \u2013 ufor.uqo.ca H\u00e9bergement :&nbsp;Universit\u00e9 du Qu\u00e9bec en Outaouais (UQO) [ Version du 27 janvier 2026 ] I. Introduction et Mission Le site&nbsp;UFOR&nbsp;s&#8217;engage \u00e0 prot\u00e9ger la vie priv\u00e9e des membres de sa communaut\u00e9 et de ses visiteurs. En tant qu&#8217;entit\u00e9 rattach\u00e9e \u00e0 l&#8217;Universit\u00e9 du Qu\u00e9bec en Outaouais (UQO), nous appliquons des mesures de... Lire la suite","og_url":"https:\/\/ufor.uqo.ca\/fr\/politique-de-protection-des-renseignements-personnels\/","og_site_name":"UFOR","article_modified_time":"2026-02-10T14:29:04+00:00","og_image":[{"width":1200,"height":630,"url":"https:\/\/ufor.uqo.ca\/fr\/wp-content\/uploads\/2021\/12\/ufor-fb.png","type":"image\/png"}],"twitter_card":"summary_large_image","schema":{"@context":"https:\/\/schema.org","@graph":[{"@type":"WebPage","@id":"https:\/\/ufor.uqo.ca\/fr\/politique-de-protection-des-renseignements-personnels\/","url":"https:\/\/ufor.uqo.ca\/fr\/politique-de-protection-des-renseignements-personnels\/","name":"Politique de protection des renseignements personnels\u00a0 - UFOR","isPartOf":{"@id":"https:\/\/ufor.uqo.ca\/fr\/#website"},"datePublished":"2026-02-10T14:27:49+00:00","dateModified":"2026-02-10T14:29:04+00:00","breadcrumb":{"@id":"https:\/\/ufor.uqo.ca\/fr\/politique-de-protection-des-renseignements-personnels\/#breadcrumb"},"inLanguage":"en-CA","potentialAction":[{"@type":"ReadAction","target":["https:\/\/ufor.uqo.ca\/fr\/politique-de-protection-des-renseignements-personnels\/"]}]},{"@type":"BreadcrumbList","@id":"https:\/\/ufor.uqo.ca\/fr\/politique-de-protection-des-renseignements-personnels\/#breadcrumb","itemListElement":[{"@type":"ListItem","position":1,"name":"Home","item":"https:\/\/ufor.uqo.ca\/fr\/"},{"@type":"ListItem","position":2,"name":"Politique de protection des renseignements personnels\u00a0"}]},{"@type":"WebSite","@id":"https:\/\/ufor.uqo.ca\/fr\/#website","url":"https:\/\/ufor.uqo.ca\/fr\/","name":"UFOR","description":"The Urban forestry training program (UFOR)","publisher":{"@id":"https:\/\/ufor.uqo.ca\/fr\/#organization"},"potentialAction":[{"@type":"SearchAction","target":{"@type":"EntryPoint","urlTemplate":"https:\/\/ufor.uqo.ca\/fr\/?s={search_term_string}"},"query-input":{"@type":"PropertyValueSpecification","valueRequired":true,"valueName":"search_term_string"}}],"inLanguage":"en-CA"},{"@type":"Organization","@id":"https:\/\/ufor.uqo.ca\/fr\/#organization","name":"UFOR","url":"https:\/\/ufor.uqo.ca\/fr\/","logo":{"@type":"ImageObject","inLanguage":"en-CA","@id":"https:\/\/ufor.uqo.ca\/fr\/#\/schema\/logo\/image\/","url":"https:\/\/ufor.uqo.ca\/fr\/wp-content\/uploads\/2021\/12\/ufor-fb.png","contentUrl":"https:\/\/ufor.uqo.ca\/fr\/wp-content\/uploads\/2021\/12\/ufor-fb.png","width":1200,"height":630,"caption":"UFOR"},"image":{"@id":"https:\/\/ufor.uqo.ca\/fr\/#\/schema\/logo\/image\/"}}]}},"_links":{"self":[{"href":"https:\/\/ufor.uqo.ca\/fr\/wp-json\/wp\/v2\/pages\/963","targetHints":{"allow":["GET"]}}],"collection":[{"href":"https:\/\/ufor.uqo.ca\/fr\/wp-json\/wp\/v2\/pages"}],"about":[{"href":"https:\/\/ufor.uqo.ca\/fr\/wp-json\/wp\/v2\/types\/page"}],"author":[{"embeddable":true,"href":"https:\/\/ufor.uqo.ca\/fr\/wp-json\/wp\/v2\/users\/1"}],"replies":[{"embeddable":true,"href":"https:\/\/ufor.uqo.ca\/fr\/wp-json\/wp\/v2\/comments?post=963"}],"version-history":[{"count":1,"href":"https:\/\/ufor.uqo.ca\/fr\/wp-json\/wp\/v2\/pages\/963\/revisions"}],"predecessor-version":[{"id":964,"href":"https:\/\/ufor.uqo.ca\/fr\/wp-json\/wp\/v2\/pages\/963\/revisions\/964"}],"wp:attachment":[{"href":"https:\/\/ufor.uqo.ca\/fr\/wp-json\/wp\/v2\/media?parent=963"}],"curies":[{"name":"wp","href":"https:\/\/api.w.org\/{rel}","templated":true}]}}